{"id":889,"date":"2015-07-02T05:10:48","date_gmt":"2015-07-02T05:10:48","guid":{"rendered":"http:\/\/stylemixthemes.com\/masterstudy\/demo\/?page_id=889"},"modified":"2025-10-30T12:32:18","modified_gmt":"2025-10-30T12:32:18","slug":"chi-siamo","status":"publish","type":"page","link":"https:\/\/www.donboscotolmezzo.it\/index.php\/chi-siamo\/","title":{"rendered":"Chi siamo"},"content":{"rendered":"<div class=\"wpb-content-wrapper\"><p>[vc_row css=&#8221;.vc_custom_1435816078010{margin-bottom: 15px !important;}&#8221;][vc_column width=&#8221;1\/2&#8243;][vc_custom_heading text=&#8221;L\u2019opera Salesiana di Tolmezzo&#8221; google_fonts=&#8221;font_family:Montserrat%3Aregular%2C700|font_style:700%20bold%20regular%3A700%3Anormal&#8221; css=&#8221;.vc_custom_1761293317256{margin-top: -8px !important;margin-bottom: 29px !important;}&#8221;][vc_column_text css=&#8221;.vc_custom_1761648864943{margin-bottom: 32px !important;}&#8221;]Il Collegio Don Bosco di Tolmezzo non \u00e8 solo una scuola, ma un vero e proprio <b>polo educativo, formativo e sociale<\/b> al servizio della comunit\u00e0 della Carnia. Dalla formazione di base all&#8217;ospitalit\u00e0, la nostra struttura \u00e8 un centro dinamico e accogliente, ispirato allo spirito di Don Bosco.<\/p>\n<p>Presso il nostro Collegio, puoi trovare un&#8217;offerta completa che abbraccia diverse et\u00e0 e necessit\u00e0:<\/p>\n<h3><b>Area Educativa e Scolastica<\/b><\/h3>\n<ul>\n<li><b>Scuola Primaria:<\/b> Un ambiente stimolante e sereno per i primi passi nel percorso di apprendimento.<\/li>\n<li><b>Scuola Secondaria di I Grado (Scuola Media):<\/b> Un percorso didattico che accompagna i ragazzi nella crescita e nella preparazione per gli studi superiori.<\/li>\n<li><b>Doposcuola:<\/b> Servizio di supporto allo studio pomeridiano, con l&#8217;assistenza dei nostri educatori salesiani.<\/li>\n<\/ul>\n<h3><b>Area Pastorale e Ricreativa<\/b><\/h3>\n<ul>\n<li><b>Oratorio:<\/b> Il cuore pulsante della nostra casa, un luogo di incontro, amicizia, gioco e crescita nella fede, aperto a tutti i giovani.<\/li>\n<li><b>GREST (Gruppi Estivi):<\/b> L&#8217;appuntamento estivo atteso da tutti, ricco di giochi, attivit\u00e0 e momenti educativi per i ragazzi.<\/li>\n<li><b>Teatro:<\/b> Uno spazio culturale e di aggregazione fondamentale per l&#8217;espressione artistica e la crescita personale.<\/li>\n<\/ul>\n<h3><b>Area Ospitalit\u00e0 e Accoglienza<\/b><\/h3>\n<ul>\n<li><b>Convitto per Lavoratori:<\/b> Offriamo un servizio di accoglienza e alloggio per lavoratori e professionisti che operano sul territorio.<\/li>\n<li><b>Sale Convegni:<\/b> Spazi attrezzati e moderni a disposizione della comunit\u00e0 e delle aziende per eventi, riunioni e momenti formativi.<\/li>\n<\/ul>\n<p>Il Collegio Don Bosco di Tolmezzo \u00e8 la tua casa.<\/p>\n<p>Ti invitiamo a scoprire tutti i nostri ambienti e a far parte della grande Famiglia Salesiana.[\/vc_column_text][vc_single_image image=&#8221;1870&#8243; img_size=&#8221;full&#8221; alignment=&#8221;center&#8221;][\/vc_column][vc_column width=&#8221;1\/2&#8243;][vc_single_image image=&#8221;1822&#8243; img_size=&#8221;full&#8221; css=&#8221;.vc_custom_1761554016474{margin-top: 16px !important;margin-bottom: 88px !important;}&#8221;][\/vc_column][\/vc_row][vc_row][vc_column][\/vc_column][\/vc_row]<\/p>\n<\/div>","protected":false},"excerpt":{"rendered":"<p>[vc_row css=&#8221;.vc_custom_1435816078010{margin-bottom: 15px !important;}&#8221;][vc_column width=&#8221;1\/2&#8243;][vc_custom_heading text=&#8221;L\u2019opera Salesiana di Tolmezzo&#8221; google_fonts=&#8221;font_family:Montserrat%3Aregular%2C700|font_style:700%20bold%20regular%3A700%3Anormal&#8221; css=&#8221;.vc_custom_1761293317256{margin-top: -8px !important;margin-bottom: 29px !important;}&#8221;][vc_column_text css=&#8221;.vc_custom_1761648864943{margin-bottom: 32px !important;}&#8221;]Il Collegio Don Bosco di Tolmezzo non \u00e8 solo una scuola, ma un vero e proprio polo educativo, formativo e sociale al servizio della comunit\u00e0 della Carnia. Dalla formazione di base all&#8217;ospitalit\u00e0, la nostra struttura \u00e8 un centro [&hellip;]<\/p>\n","protected":false},"author":1,"featured_media":0,"parent":0,"menu_order":0,"comment_status":"closed","ping_status":"closed","template":"","meta":{"footnotes":""},"class_list":["post-889","page","type-page","status-publish","hentry"],"yoast_head":"<!-- This site is optimized with the Yoast SEO plugin v26.3 - https:\/\/yoast.com\/wordpress\/plugins\/seo\/ -->\n<title>Chi siamo - Don Bosco Tolmezzo<\/title>\n<meta name=\"robots\" content=\"index, follow, max-snippet:-1, max-image-preview:large, max-video-preview:-1\" \/>\n<link rel=\"canonical\" href=\"https:\/\/www.donboscotolmezzo.it\/index.php\/chi-siamo\/\" \/>\n<meta property=\"og:locale\" content=\"it_IT\" \/>\n<meta property=\"og:type\" content=\"article\" \/>\n<meta property=\"og:title\" content=\"Chi siamo - Don Bosco Tolmezzo\" \/>\n<meta property=\"og:description\" content=\"[vc_row css=&#8221;.vc_custom_1435816078010{margin-bottom: 15px !important;}&#8221;][vc_column width=&#8221;1\/2&#8243;][vc_custom_heading text=&#8221;L\u2019opera Salesiana di Tolmezzo&#8221; google_fonts=&#8221;font_family:Montserrat%3Aregular%2C700|font_style:700%20bold%20regular%3A700%3Anormal&#8221; css=&#8221;.vc_custom_1761293317256{margin-top: -8px !important;margin-bottom: 29px !important;}&#8221;][vc_column_text css=&#8221;.vc_custom_1761648864943{margin-bottom: 32px !important;}&#8221;]Il Collegio Don Bosco di Tolmezzo non \u00e8 solo una scuola, ma un vero e proprio polo educativo, formativo e sociale al servizio della comunit\u00e0 della Carnia. Dalla formazione di base all&#8217;ospitalit\u00e0, la nostra struttura \u00e8 un centro [&hellip;]\" \/>\n<meta property=\"og:url\" content=\"https:\/\/www.donboscotolmezzo.it\/index.php\/chi-siamo\/\" \/>\n<meta property=\"og:site_name\" content=\"Don Bosco Tolmezzo\" \/>\n<meta property=\"article:modified_time\" content=\"2025-10-30T12:32:18+00:00\" \/>\n<meta name=\"twitter:card\" content=\"summary_large_image\" \/>\n<meta name=\"twitter:label1\" content=\"Tempo di lettura stimato\" \/>\n\t<meta name=\"twitter:data1\" content=\"2 minuti\" \/>\n<script type=\"application\/ld+json\" class=\"yoast-schema-graph\">{\"@context\":\"https:\/\/schema.org\",\"@graph\":[{\"@type\":\"WebPage\",\"@id\":\"https:\/\/www.donboscotolmezzo.it\/index.php\/chi-siamo\/\",\"url\":\"https:\/\/www.donboscotolmezzo.it\/index.php\/chi-siamo\/\",\"name\":\"Chi siamo - Don Bosco Tolmezzo\",\"isPartOf\":{\"@id\":\"https:\/\/www.donboscotolmezzo.it\/#website\"},\"datePublished\":\"2015-07-02T05:10:48+00:00\",\"dateModified\":\"2025-10-30T12:32:18+00:00\",\"breadcrumb\":{\"@id\":\"https:\/\/www.donboscotolmezzo.it\/index.php\/chi-siamo\/#breadcrumb\"},\"inLanguage\":\"it-IT\",\"potentialAction\":[{\"@type\":\"ReadAction\",\"target\":[\"https:\/\/www.donboscotolmezzo.it\/index.php\/chi-siamo\/\"]}]},{\"@type\":\"BreadcrumbList\",\"@id\":\"https:\/\/www.donboscotolmezzo.it\/index.php\/chi-siamo\/#breadcrumb\",\"itemListElement\":[{\"@type\":\"ListItem\",\"position\":1,\"name\":\"Home\",\"item\":\"https:\/\/www.donboscotolmezzo.it\/\"},{\"@type\":\"ListItem\",\"position\":2,\"name\":\"Chi siamo\"}]},{\"@type\":\"WebSite\",\"@id\":\"https:\/\/www.donboscotolmezzo.it\/#website\",\"url\":\"https:\/\/www.donboscotolmezzo.it\/\",\"name\":\"Don Bosco Tolmezzo\",\"description\":\"\",\"potentialAction\":[{\"@type\":\"SearchAction\",\"target\":{\"@type\":\"EntryPoint\",\"urlTemplate\":\"https:\/\/www.donboscotolmezzo.it\/?s={search_term_string}\"},\"query-input\":{\"@type\":\"PropertyValueSpecification\",\"valueRequired\":true,\"valueName\":\"search_term_string\"}}],\"inLanguage\":\"it-IT\"}]}<\/script>\n<!-- \/ Yoast SEO plugin. -->","yoast_head_json":{"title":"Chi siamo - Don Bosco Tolmezzo","robots":{"index":"index","follow":"follow","max-snippet":"max-snippet:-1","max-image-preview":"max-image-preview:large","max-video-preview":"max-video-preview:-1"},"canonical":"https:\/\/www.donboscotolmezzo.it\/index.php\/chi-siamo\/","og_locale":"it_IT","og_type":"article","og_title":"Chi siamo - Don Bosco Tolmezzo","og_description":"[vc_row css=&#8221;.vc_custom_1435816078010{margin-bottom: 15px !important;}&#8221;][vc_column width=&#8221;1\/2&#8243;][vc_custom_heading text=&#8221;L\u2019opera Salesiana di Tolmezzo&#8221; google_fonts=&#8221;font_family:Montserrat%3Aregular%2C700|font_style:700%20bold%20regular%3A700%3Anormal&#8221; css=&#8221;.vc_custom_1761293317256{margin-top: -8px !important;margin-bottom: 29px !important;}&#8221;][vc_column_text css=&#8221;.vc_custom_1761648864943{margin-bottom: 32px !important;}&#8221;]Il Collegio Don Bosco di Tolmezzo non \u00e8 solo una scuola, ma un vero e proprio polo educativo, formativo e sociale al servizio della comunit\u00e0 della Carnia. Dalla formazione di base all&#8217;ospitalit\u00e0, la nostra struttura \u00e8 un centro [&hellip;]","og_url":"https:\/\/www.donboscotolmezzo.it\/index.php\/chi-siamo\/","og_site_name":"Don Bosco Tolmezzo","article_modified_time":"2025-10-30T12:32:18+00:00","twitter_card":"summary_large_image","twitter_misc":{"Tempo di lettura stimato":"2 minuti"},"schema":{"@context":"https:\/\/schema.org","@graph":[{"@type":"WebPage","@id":"https:\/\/www.donboscotolmezzo.it\/index.php\/chi-siamo\/","url":"https:\/\/www.donboscotolmezzo.it\/index.php\/chi-siamo\/","name":"Chi siamo - Don Bosco Tolmezzo","isPartOf":{"@id":"https:\/\/www.donboscotolmezzo.it\/#website"},"datePublished":"2015-07-02T05:10:48+00:00","dateModified":"2025-10-30T12:32:18+00:00","breadcrumb":{"@id":"https:\/\/www.donboscotolmezzo.it\/index.php\/chi-siamo\/#breadcrumb"},"inLanguage":"it-IT","potentialAction":[{"@type":"ReadAction","target":["https:\/\/www.donboscotolmezzo.it\/index.php\/chi-siamo\/"]}]},{"@type":"BreadcrumbList","@id":"https:\/\/www.donboscotolmezzo.it\/index.php\/chi-siamo\/#breadcrumb","itemListElement":[{"@type":"ListItem","position":1,"name":"Home","item":"https:\/\/www.donboscotolmezzo.it\/"},{"@type":"ListItem","position":2,"name":"Chi siamo"}]},{"@type":"WebSite","@id":"https:\/\/www.donboscotolmezzo.it\/#website","url":"https:\/\/www.donboscotolmezzo.it\/","name":"Don Bosco Tolmezzo","description":"","potentialAction":[{"@type":"SearchAction","target":{"@type":"EntryPoint","urlTemplate":"https:\/\/www.donboscotolmezzo.it\/?s={search_term_string}"},"query-input":{"@type":"PropertyValueSpecification","valueRequired":true,"valueName":"search_term_string"}}],"inLanguage":"it-IT"}]}},"_links":{"self":[{"href":"https:\/\/www.donboscotolmezzo.it\/index.php\/wp-json\/wp\/v2\/pages\/889","targetHints":{"allow":["GET"]}}],"collection":[{"href":"https:\/\/www.donboscotolmezzo.it\/index.php\/wp-json\/wp\/v2\/pages"}],"about":[{"href":"https:\/\/www.donboscotolmezzo.it\/index.php\/wp-json\/wp\/v2\/types\/page"}],"author":[{"embeddable":true,"href":"https:\/\/www.donboscotolmezzo.it\/index.php\/wp-json\/wp\/v2\/users\/1"}],"replies":[{"embeddable":true,"href":"https:\/\/www.donboscotolmezzo.it\/index.php\/wp-json\/wp\/v2\/comments?post=889"}],"version-history":[{"count":7,"href":"https:\/\/www.donboscotolmezzo.it\/index.php\/wp-json\/wp\/v2\/pages\/889\/revisions"}],"predecessor-version":[{"id":1874,"href":"https:\/\/www.donboscotolmezzo.it\/index.php\/wp-json\/wp\/v2\/pages\/889\/revisions\/1874"}],"wp:attachment":[{"href":"https:\/\/www.donboscotolmezzo.it\/index.php\/wp-json\/wp\/v2\/media?parent=889"}],"curies":[{"name":"wp","href":"https:\/\/api.w.org\/{rel}","templated":true}]}}