{"id":3,"date":"2025-07-10T13:31:18","date_gmt":"2025-07-10T13:31:18","guid":{"rendered":"http:\/\/www.donboscotolmezzo.it\/?page_id=3"},"modified":"2025-10-24T07:39:50","modified_gmt":"2025-10-24T07:39:50","slug":"privacy-policy","status":"publish","type":"page","link":"https:\/\/www.donboscotolmezzo.it\/index.php\/privacy-policy\/","title":{"rendered":"Privacy Policy"},"content":{"rendered":"<div class=\"wpb-content-wrapper\"><p>[vc_row][vc_column][vc_column_text css=&#8221;&#8221;]<\/p>\n<h3 id=\"la-tutela-della-privacy\">La tutela della privacy<\/h3>\n<p>Il nuovo Regolamento Europeo (UE) 2016\/679 del Parlamento Europeo (GDPR) relativo alla protezione dei dati \u00e8 stato pubblicato sulla GUUE del 4 maggio 2016, \u00e8 entrato in vigore il 24 maggio del 2016 ed \u00e8 divenuto pienamente operativo negli Stati membri dal 25 maggio 2018. Tale regolamento consolida e rende pi\u00f9 omogenea la protezione dei dati personali dei cittadini e dei residenti dell\u2019Unione Europea evitando lacune di tutela in ambito europeo e consacrando il diritto alla protezione dei dati personali degli interessati tra i diritti fondamentali e costituzionali. In conformit\u00e0 a quanto previsto dal Regolamento Europeo (UE) 2016\/679 per la protezione dei dati personali la informiamo che l\u2019Ente Ecclesiastico COLLEGIO SALESIANO DON BOSCO con sede in via Dante n.3, 33028 Tolmezzo, ha nominato il Responsabile della Protezione dei Dati (RPD o DPO).<\/p>\n<p>Dati di contatto del Responsabile della Protezione dei Dati avv. Marco Bernab\u00e8 pec:\u00a0<a href=\"mailto:marco.bernabe@ordineavvocativicenza.it\">marco.bernabe@ordineavvocativicenza.it<\/a>\u00a0tel. +39 392 154 9739<\/p>\n<h4 id=\"documentazione-utile\">Documentazione utile<\/h4>\n<ul>\n<li><a href=\"https:\/\/www.garanteprivacy.it\/web\/guest\/home\/docweb\/-\/docweb-display\/docweb\/6264597\" target=\"_blank\" rel=\"noopener\">Regolamento UE 2016 679<\/a><\/li>\n<li><a href=\"https:\/\/www.garanteprivacy.it\/web\/guest\/regolamentoue\/guida-all-applicazione-del-regolamento-europeo-in-materia-di-protezione-dei-dati-personali\" target=\"_blank\" rel=\"noopener\">Guida all\u2019applicazione del Regolamento europeo in materia di protezione dei dati personali<\/a><\/li>\n<\/ul>\n<h3 id=\"informativa-sul-trattamento-dei-dati-personali-ai-sensi-dellart-13-del-gdpr-general-data-protection-regulation-2016679\">Informativa sul trattamento dei dati personali ai sensi dell\u2019art. 13 del GDPR (General Data Protection Regulation) 2016\/679<\/h3>\n<h4 id=\"perch\u00e9-queste-informazioni\">Perch\u00e9 queste informazioni<\/h4>\n<p>Ai sensi dell\u2019art. 13 del Regolamento UE 2016\/679 (d\u2019ora in poi Regolamento o anche solo GDPR) ti descriviamo le modalit\u00e0 di trattamento dei dati personali degli utenti che consultano questo sito web.<\/p>\n<p>Ti precisiamo prima di tutto che il sito internet\u00a0<a href=\"https:\/\/www.donboscotolmezzo.it\/\">www.donboscotolmezzo.it<\/a>\u00a0\u00e8 di titolarit\u00e0 e gestito da COLLEGIO SALESIANO DON BOSCO con sede in via Dante, 3 \u2013 33028 \u2013 Tolmezzo.<\/p>\n<p>Raccogliamo i dati da te inseriti e i dati di navigazione per l\u2019esecuzione del contratto.<\/p>\n<p>Nel prosieguo, Ti illustreremo, quindi, le modalit\u00e0 e finalit\u00e0 di gestione del sito in riferimento al trattamento dei dati personali utilizzati nell\u2019una e nell\u2019altra ipotesi.<\/p>\n<p>Ti precisiamo fin d\u2019ora che il trattamento \u00e8 effettuato in ossequio ai principi di liceit\u00e0 e correttezza, in conformit\u00e0 alla normativa vigente.<\/p>\n<p>La presente informativa non \u00e8 da considerarsi valida per altri siti web eventualmente consultabili tramite links presenti su questo sito internet, rispetto ai quali non siamo in alcun modo responsabile.<\/p>\n<h4 id=\"a-identit\u00e0-di-contatto-del-titolare-del-trattamento-dei-dati-personali-e-responsabile-della-protezione-dei-dati-rpd\">a. Identit\u00e0 di contatto del titolare del trattamento dei dati personali e responsabile della protezione dei dati (RPD)<\/h4>\n<p>Ai sensi dell\u2019art. 13 e 14 del GDPR Ti comunichiamo che il Titolare del trattamento dei tuoi dati personali forniti attraverso il sito internet \u00e8 Collegio Salesiano Don Bosco con sede in via Dante, 3 33028 Tolmezzo.<\/p>\n<p>Il Responsabile della protezione dei dati (RPD o DPO) \u00e8 contattabile al seguente indirizzo:\u00a0<a href=\"mailto:dpo@salesianinordest.it\">dpo@salesianinordest.it<\/a>\u00a0o telefonicamente al 041.2030438.<\/p>\n<h4 id=\"b-quali-dati-trattiamo-per-che-finalit\u00e0\">b. Quali dati trattiamo? Per che finalit\u00e0?<\/h4>\n<p>Ti precisiamo che sono dati personali le informazioni che si riferiscono a una persona fisica identificata o identificabile, come il nome, l\u2019indirizzo e-mail, il numero di telefono, l\u2019indirizzo postale o l\u2019indirizzo IP del computer.<\/p>\n<p>Sono dati particolari quelli che rivelano l\u2019origine razziale o etnica, le opinioni politiche, le convinzioni religiose o filosofiche, o l\u2019appartenenza sindacale, nonch\u00e9 i dati genetici, dati biometrici intesi a identificare in modo univoco una persona fisica, i dati relativi alla salute o alla vita sessuale o all\u2019orientamento sessuale della persona.<\/p>\n<p>Nel nostro sito tendenzialmente trattiamo solo dati personali (sono gli unici richiesti per l\u2019iscrizione) ma potrebbe succedere che, incidentalmente, possano essere trattati dati particolari (pensa, ad esempio, se la tua mail dovesse manifestare il tuo orientamento religioso o politico).<\/p>\n<p><strong>Ti precisiamo che nel sito in cui stai navigando vengono raccolti i seguenti dati personali:<\/strong><\/p>\n<p><strong>Dati da te inseriti<\/strong><\/p>\n<p>Sono i dati personali da te inseriti nei campi di registrazione, per crearti (eventualmente) un account utente personale, per lasciare commenti sul sito o per usufruire dei nostri servizi. Questi dati sono da noi trattati per le seguenti finalit\u00e0:<\/p>\n<ul>\n<li>Per facilitare il rilevamento dello spam quando i visitatori lasciano commenti sul sito.<\/li>\n<li>Per il perseguimento del legittimo interesse del titolare (a titolo esemplificativo ma non esaustivo: difesa in giudizio nel caso fosse necessario, ma anche marketing diretto) in ogni caso nel rispetto dei prevalenti diritti e libert\u00e0 fondamentali dell\u2019interessato che richiedono la protezione dei dati personali.<\/li>\n<li>Per l\u2019esecuzione dei servizi richiesti.<\/li>\n<\/ul>\n<p>In questi casi la base giuridica del trattamento \u00e8 costituita dall\u2019adempimento del contratto e dall\u2019obbligo legale di trattare i dati (cfr. GDPR art. 6 lett. b), c) f)).<\/p>\n<p>Nel caso (solo eventuale, come anticipato precedentemente) di trattamento di dati particolari, la base giuridica di trattamento \u00e8 costituita dal fatto che il trattamento \u00e8 effettuato da un Ente ecclesiastico che persegue finalit\u00e0 religiose relativamente al trattamento dei membri, gli ex membri o le persone che hanno regolari contatti con l\u2019ente a motivo delle sue finalit\u00e0 quando i dati personali non sono comunicati all\u2019esterno e dal consenso nelle residue ipotesi (GDPR art. 9 lett. A) D) E) F)).<\/p>\n<p>Ti precisiamo infine che l\u2019invio facoltativo, esplicito e volontario di messaggi agli indirizzi di contatto dell\u2019Ente, nonch\u00e9 la compilazione e l\u2019inoltro dei moduli presenti sul sito comportano l\u2019acquisizione dei dati di contatto del mittente, necessari a rispondere, nonch\u00e9 di tutti i dati personali inclusi nelle comunicazioni.<\/p>\n<p><strong>Dati registrati automaticamente<\/strong><\/p>\n<p><em>Dati di navigazione<\/em><\/p>\n<p>I sistemi informatici e le procedure software preposte al funzionamento di questo sito acquisiscono, nel corso del loro normale esercizio, alcuni dati personali la cui trasmissione \u00e8 implicita nell\u2019uso dei protocolli di comunicazione di Internet.<\/p>\n<p>In questa categoria di dati rientrano:<\/p>\n<ul>\n<li>L\u2019indirizzo della pagina che visiti sul nostro sito web<\/li>\n<li>L\u2019indirizzo IP del dispositivo<\/li>\n<li>L\u2019indirizzo del sito web visitato immediatamente prima (il cosiddetto \u2018referrer\u2019)<\/li>\n<li>Data e ora della visita<\/li>\n<li>Le propriet\u00e0 del dispositivo, in particolare il sistema operativo, il browser utilizzato e la dimensione della finestra del browser<\/li>\n<li>I nomi a dominio dei computer e dei terminali utilizzati dagli utenti, gli indirizzi in notazione URI\/URL (Uniform Resource Identifier\/Locator) delle risorse richieste, l\u2019orario della richiesta, il metodo utilizzato nel sottoporre la richiesta al server, la dimensione del file ottenuto in risposta, il codice numerico indicante lo stato della risposta data dal server (buon fine, errore, ecc.) ed altri parametri relativi al sistema operativo e all\u2019ambiente informatico dell\u2019utente.<\/li>\n<\/ul>\n<p>Tali dati, necessari per la fruizione dei servizi web, vengono anche trattati allo scopo di:<\/p>\n<ul>\n<li>Ottenere informazioni statistiche sull\u2019uso dei servizi (pagine pi\u00f9 visitate, numero di visitatori per fascia oraria o giornaliera, aree geografiche di provenienza, ecc.);<\/li>\n<li>Controllare il corretto funzionamento dei servizi offerti.<\/li>\n<\/ul>\n<p>I dati di navigazione non persistono per pi\u00f9 di un anno.<\/p>\n<p><em>Cookie ed altri sistemi di tracciamento<\/em><\/p>\n<p>Viene fatto uso di cookie tecnici, utilizzati al solo fine di effettuare la trasmissione di una comunicazione elettronica, per garantire la corretta visualizzazione del sito e la navigazione all\u2019interno di esso. Inoltre, consentono di distinguere tra i vari utenti collegati al fine di fornire un servizio richiesto all\u2019utente giusto (Login), e per motivi di sicurezza del sito. Alcuni di questi cookie sono eliminati alla chiusura del browser (cookie di sessione), altri hanno una durata maggiore (come ad esempio il cookie necessario per conservazione il consenso dell\u2019utente in relazione all\u2019uso dei cookie, che dura 1 mese).<\/p>\n<p>Il presente sito utilizza cookie delle seguenti terze parti:<\/p>\n<p>Google Analytics: utilizzato per analizzare l\u2019uso del sito da parte degli utenti, compilare report sulle attivit\u00e0 del sito e il comportamento degli utenti, verificare quanto spesso gli utenti visitano il sito, come il sito viene rintracciato e quali pagine sono visitate pi\u00f9 frequentemente. Dati raccolti: identificativo del browser, data e orario di interazione col sito, pagina di provenienza, indirizzo IP. Luogo di trattamento dei dati: Unione europea essendo attiva l\u2019anonimizzazione del servizio.<\/p>\n<p>I dati raccolti non consentono l\u2019identificazione personale degli utenti, e non sono incrociati con altre informazioni relative alla stessa persone. Sono trattati in forma aggregata e anonimizzati (troncati all\u2019ultimo ottetto).<\/p>\n<p>Ulteriori informazioni sui cookies di Google Analytics si trovano alla pagina\u00a0<a href=\"https:\/\/developers.google.com\/analytics\/devguides\/collection\/analyticsjs\/cookie-usage\" target=\"_blank\" rel=\"noopener\">Google Analytics Cookie Usage on Websites<\/a>.<\/p>\n<p>L\u2019utente pu\u00f2 disabilitare (opt-out) in modo selettivo la raccolta dei dati da parte di Google Analytics installando sul proprio browser l\u2019<a href=\"https:\/\/tools.google.com\/dlpage\/gaoptout\" target=\"_blank\" rel=\"noopener\">apposito componente fornito da Google (opt out)<\/a>.<\/p>\n<h4 id=\"c-destinatari-dei-dati-personali\">c. Destinatari dei dati personali<\/h4>\n<p>I dati saranno trattati all\u2019interno della struttura dal personale autorizzato preposto alla gestione del sito internet e all\u2019amministrazione e contabilit\u00e0.<\/p>\n<p>Potranno, essere comunicati ad altre Case salesiane per il perseguimento delle medesime finalit\u00e0 per cui sono stati raccolti, nonch\u00e9 agli istituti bancari e a societ\u00e0 esterne (ad esempio consorzi) che prestano servizi strumentali al Titolare.<\/p>\n<p>I dati raccolti non verranno in alcun modo diffusi.<\/p>\n<h4 id=\"d-periodo-di-conservazione-dei-dati-personali\">d. Periodo di conservazione dei dati personali<\/h4>\n<p>I tuoi dati comunicati per la conclusione del contratto saranno conservati per tutta la durata del contratto e per il periodo di tempo successivo prescritto da legge. In particolare si precisa che le scritture contabili, le fatture e la corrispondenza saranno conservati per 10 anni come previsto dalla legge; i dati necessari alla gestione di un eventuale contenzioso o recupero credito saranno conservati fino alla definizione del contenzioso.<\/p>\n<h4 id=\"e-obbligo-di-conferire-i-dati\">e. Obbligo di conferire i dati<\/h4>\n<p>Il conferimento dei dati \u00e8 obbligatorio e necessario per la gestione del rapporto tra te e il Titolare del trattamento, per cui l\u2019eventuale rifiuto di conferire i dati personali richiesti comporta la cessazione del rapporto.<\/p>\n<p>Il titolare rende noto, inoltre, che l\u2019eventuale non comunicazione, o comunicazione errata, di una delle informazioni obbligatorie, ha come conseguenza l\u2019impossibilit\u00e0 del titolare di garantire la congruit\u00e0 del trattamento e la possibile mancata corrispondenza dei risultati del trattamento stesso agli obblighi imposti dalla normativa vigente.<\/p>\n<h4 id=\"f-diritti-dellinteressato\">f. Diritti dell\u2019interessato<\/h4>\n<p>Potrai richiedere in ogni momento al titolare del trattamento l\u2019accesso ai dati personali che ti riguardano e la rettifica o la cancellazione degli stessi o la limitazione del trattamento o di opporsi al loro trattamento, nonch\u00e9 il diritto alla portabilit\u00e0 dei dati.<\/p>\n<p>La cancellazione non \u00e8 consentita per i dati contenuti negli atti che devono obbligatoriamente essere conservati per legge.<\/p>\n<p>Potrai revocare il consenso in qualsiasi momento, senza pregiudicare la liceit\u00e0 del trattamento basata sul consenso prestato prima della revoca.<\/p>\n<p>Hai, inoltre, il diritto di proporre reclamo al Garante, come previsto dall\u2019art. 77 del Regolamento stesso, o di adire le opportune sedi giudiziarie (art. 79 del Regolamento) nel caso in cui tu ritenga che il trattamento dei dati personali a te riferiti effettuato attraverso questo sito avvenga in violazione di quanto previsto dal Regolamento.<\/p>\n<h4 id=\"g-modalit\u00e0-di-esercizio-dei-diritti\">g. Modalit\u00e0 di esercizio dei diritti<\/h4>\n<p>Potrai in qualsiasi momento esercitare i diritti con raccomandata a.r. a Collegio Salesiano Don Bosco con sede in via Dante, 3 33028 Tolmezzo oppure inviando una e-mail all\u2019indirizzo\u00a0<a href=\"mailto:privacy@donboscotolmezzo.it\">privacy@donboscotolmezzo.it<\/a>\u00a0indicando nell\u2019oggetto la dicitura \u201caccesso privacy\u201d.<\/p>\n<p>[\/vc_column_text][\/vc_column][\/vc_row]<\/p>\n<\/div>","protected":false},"excerpt":{"rendered":"<p>[vc_row][vc_column][vc_column_text css=&#8221;&#8221;] La tutela della privacy Il nuovo Regolamento Europeo (UE) 2016\/679 del Parlamento Europeo (GDPR) relativo alla protezione dei dati \u00e8 stato pubblicato sulla GUUE del 4 maggio 2016, \u00e8 entrato in vigore il 24 maggio del 2016 ed \u00e8 divenuto pienamente operativo negli Stati membri dal 25 maggio 2018. Tale regolamento consolida e [&hellip;]<\/p>\n","protected":false},"author":1,"featured_media":0,"parent":0,"menu_order":0,"comment_status":"closed","ping_status":"closed","template":"","meta":{"footnotes":""},"class_list":["post-3","page","type-page","status-publish","hentry"],"yoast_head":"<!-- This site is optimized with the Yoast SEO plugin v26.3 - https:\/\/yoast.com\/wordpress\/plugins\/seo\/ -->\n<title>Privacy Policy - Don Bosco Tolmezzo<\/title>\n<meta name=\"robots\" content=\"index, follow, max-snippet:-1, max-image-preview:large, max-video-preview:-1\" \/>\n<link rel=\"canonical\" href=\"http:\/\/www.donboscotolmezzo.it\/index.php\/privacy-policy\/\" \/>\n<meta property=\"og:locale\" content=\"it_IT\" \/>\n<meta property=\"og:type\" content=\"article\" \/>\n<meta property=\"og:title\" content=\"Privacy Policy - Don Bosco Tolmezzo\" \/>\n<meta property=\"og:description\" content=\"[vc_row][vc_column][vc_column_text css=&#8221;&#8221;] La tutela della privacy Il nuovo Regolamento Europeo (UE) 2016\/679 del Parlamento Europeo (GDPR) relativo alla protezione dei dati \u00e8 stato pubblicato sulla GUUE del 4 maggio 2016, \u00e8 entrato in vigore il 24 maggio del 2016 ed \u00e8 divenuto pienamente operativo negli Stati membri dal 25 maggio 2018. Tale regolamento consolida e [&hellip;]\" \/>\n<meta property=\"og:url\" content=\"http:\/\/www.donboscotolmezzo.it\/index.php\/privacy-policy\/\" \/>\n<meta property=\"og:site_name\" content=\"Don Bosco Tolmezzo\" \/>\n<meta property=\"article:modified_time\" content=\"2025-10-24T07:39:50+00:00\" \/>\n<meta name=\"twitter:card\" content=\"summary_large_image\" \/>\n<meta name=\"twitter:label1\" content=\"Tempo di lettura stimato\" \/>\n\t<meta name=\"twitter:data1\" content=\"10 minuti\" \/>\n<script type=\"application\/ld+json\" class=\"yoast-schema-graph\">{\"@context\":\"https:\/\/schema.org\",\"@graph\":[{\"@type\":\"WebPage\",\"@id\":\"http:\/\/www.donboscotolmezzo.it\/index.php\/privacy-policy\/\",\"url\":\"http:\/\/www.donboscotolmezzo.it\/index.php\/privacy-policy\/\",\"name\":\"Privacy Policy - Don Bosco Tolmezzo\",\"isPartOf\":{\"@id\":\"https:\/\/www.donboscotolmezzo.it\/#website\"},\"datePublished\":\"2025-07-10T13:31:18+00:00\",\"dateModified\":\"2025-10-24T07:39:50+00:00\",\"breadcrumb\":{\"@id\":\"http:\/\/www.donboscotolmezzo.it\/index.php\/privacy-policy\/#breadcrumb\"},\"inLanguage\":\"it-IT\",\"potentialAction\":[{\"@type\":\"ReadAction\",\"target\":[\"http:\/\/www.donboscotolmezzo.it\/index.php\/privacy-policy\/\"]}]},{\"@type\":\"BreadcrumbList\",\"@id\":\"http:\/\/www.donboscotolmezzo.it\/index.php\/privacy-policy\/#breadcrumb\",\"itemListElement\":[{\"@type\":\"ListItem\",\"position\":1,\"name\":\"Home\",\"item\":\"https:\/\/www.donboscotolmezzo.it\/\"},{\"@type\":\"ListItem\",\"position\":2,\"name\":\"Privacy Policy\"}]},{\"@type\":\"WebSite\",\"@id\":\"https:\/\/www.donboscotolmezzo.it\/#website\",\"url\":\"https:\/\/www.donboscotolmezzo.it\/\",\"name\":\"Don Bosco Tolmezzo\",\"description\":\"\",\"potentialAction\":[{\"@type\":\"SearchAction\",\"target\":{\"@type\":\"EntryPoint\",\"urlTemplate\":\"https:\/\/www.donboscotolmezzo.it\/?s={search_term_string}\"},\"query-input\":{\"@type\":\"PropertyValueSpecification\",\"valueRequired\":true,\"valueName\":\"search_term_string\"}}],\"inLanguage\":\"it-IT\"}]}<\/script>\n<!-- \/ Yoast SEO plugin. -->","yoast_head_json":{"title":"Privacy Policy - Don Bosco Tolmezzo","robots":{"index":"index","follow":"follow","max-snippet":"max-snippet:-1","max-image-preview":"max-image-preview:large","max-video-preview":"max-video-preview:-1"},"canonical":"http:\/\/www.donboscotolmezzo.it\/index.php\/privacy-policy\/","og_locale":"it_IT","og_type":"article","og_title":"Privacy Policy - Don Bosco Tolmezzo","og_description":"[vc_row][vc_column][vc_column_text css=&#8221;&#8221;] La tutela della privacy Il nuovo Regolamento Europeo (UE) 2016\/679 del Parlamento Europeo (GDPR) relativo alla protezione dei dati \u00e8 stato pubblicato sulla GUUE del 4 maggio 2016, \u00e8 entrato in vigore il 24 maggio del 2016 ed \u00e8 divenuto pienamente operativo negli Stati membri dal 25 maggio 2018. Tale regolamento consolida e [&hellip;]","og_url":"http:\/\/www.donboscotolmezzo.it\/index.php\/privacy-policy\/","og_site_name":"Don Bosco Tolmezzo","article_modified_time":"2025-10-24T07:39:50+00:00","twitter_card":"summary_large_image","twitter_misc":{"Tempo di lettura stimato":"10 minuti"},"schema":{"@context":"https:\/\/schema.org","@graph":[{"@type":"WebPage","@id":"http:\/\/www.donboscotolmezzo.it\/index.php\/privacy-policy\/","url":"http:\/\/www.donboscotolmezzo.it\/index.php\/privacy-policy\/","name":"Privacy Policy - Don Bosco Tolmezzo","isPartOf":{"@id":"https:\/\/www.donboscotolmezzo.it\/#website"},"datePublished":"2025-07-10T13:31:18+00:00","dateModified":"2025-10-24T07:39:50+00:00","breadcrumb":{"@id":"http:\/\/www.donboscotolmezzo.it\/index.php\/privacy-policy\/#breadcrumb"},"inLanguage":"it-IT","potentialAction":[{"@type":"ReadAction","target":["http:\/\/www.donboscotolmezzo.it\/index.php\/privacy-policy\/"]}]},{"@type":"BreadcrumbList","@id":"http:\/\/www.donboscotolmezzo.it\/index.php\/privacy-policy\/#breadcrumb","itemListElement":[{"@type":"ListItem","position":1,"name":"Home","item":"https:\/\/www.donboscotolmezzo.it\/"},{"@type":"ListItem","position":2,"name":"Privacy Policy"}]},{"@type":"WebSite","@id":"https:\/\/www.donboscotolmezzo.it\/#website","url":"https:\/\/www.donboscotolmezzo.it\/","name":"Don Bosco Tolmezzo","description":"","potentialAction":[{"@type":"SearchAction","target":{"@type":"EntryPoint","urlTemplate":"https:\/\/www.donboscotolmezzo.it\/?s={search_term_string}"},"query-input":{"@type":"PropertyValueSpecification","valueRequired":true,"valueName":"search_term_string"}}],"inLanguage":"it-IT"}]}},"_links":{"self":[{"href":"https:\/\/www.donboscotolmezzo.it\/index.php\/wp-json\/wp\/v2\/pages\/3","targetHints":{"allow":["GET"]}}],"collection":[{"href":"https:\/\/www.donboscotolmezzo.it\/index.php\/wp-json\/wp\/v2\/pages"}],"about":[{"href":"https:\/\/www.donboscotolmezzo.it\/index.php\/wp-json\/wp\/v2\/types\/page"}],"author":[{"embeddable":true,"href":"https:\/\/www.donboscotolmezzo.it\/index.php\/wp-json\/wp\/v2\/users\/1"}],"replies":[{"embeddable":true,"href":"https:\/\/www.donboscotolmezzo.it\/index.php\/wp-json\/wp\/v2\/comments?post=3"}],"version-history":[{"count":2,"href":"https:\/\/www.donboscotolmezzo.it\/index.php\/wp-json\/wp\/v2\/pages\/3\/revisions"}],"predecessor-version":[{"id":1724,"href":"https:\/\/www.donboscotolmezzo.it\/index.php\/wp-json\/wp\/v2\/pages\/3\/revisions\/1724"}],"wp:attachment":[{"href":"https:\/\/www.donboscotolmezzo.it\/index.php\/wp-json\/wp\/v2\/media?parent=3"}],"curies":[{"name":"wp","href":"https:\/\/api.w.org\/{rel}","templated":true}]}}