{"id":1659,"date":"2025-10-23T11:42:24","date_gmt":"2025-10-23T11:42:24","guid":{"rendered":"http:\/\/www.donboscotolmezzo.it\/?page_id=1659"},"modified":"2025-11-06T10:03:47","modified_gmt":"2025-11-06T10:03:47","slug":"whistleblowing-segnalazione-illeciti","status":"publish","type":"page","link":"https:\/\/www.donboscotolmezzo.it\/index.php\/whistleblowing-segnalazione-illeciti\/","title":{"rendered":"Whistleblowing &#8211; Segnalazione illeciti"},"content":{"rendered":"<div class=\"wpb-content-wrapper\"><p>[vc_row][vc_column][vc_column_text css=&#8221;&#8221;]<\/p>\n<h3 id=\"piattaforma-on-line-per-le-segnalazioni-di-illeciti-o-irregolarit\u00e0-ai-sensi-dellart-54-bis-del-dlgs-n-1652001\">Piattaforma on line per le segnalazioni di illeciti o irregolarit\u00e0 (ai sensi dell\u2019art. 54-bis del d.lgs. n. 165\/2001)<\/h3>\n<p>\u201cCollegio Salesiano Don Bosco\u201d mette a disposizione un sistema informatico per la segnalazione di condotte illecite di interesse generale e non di interesse individuale, di cui si sia venuti a conoscenza in ragione del rapporto di lavoro, secondo la normativa che regola il cosiddetto whistleblowing.<\/p>\n<p>Il whistleblower (segnalante) pu\u00f2 essere sia un dipendente del \u201cCollegio Salesiano Don Bosco\u201d, sia un lavoratore o un collaboratore delle imprese fornitrici di beni o servizi o che realizzano opere in favore del \u201cCollegio Salesiano Don Bosco\u201d.<\/p>\n<p><a href=\"http:\/\/www.donboscotolmezzo.it\/wp-content\/uploads\/2025\/10\/Informativa-Privacy-piattaforma-Whistleblowing.pdf\">Prendi visione l\u2019informativa sul trattamento dei dati<\/a><\/p>\n<h3 id=\"come-segnalare-illeciti-o-irregolarit\u00e0\">Come segnalare illeciti o irregolarit\u00e0<\/h3>\n<p>Il modulo di segnalazione disponibile sulla piattaforma prevede l\u2019indicazione della tipologia di condotta illecita, di una serie di dati relativi al tempo e al luogo dei fatti, ai soggetti coinvolti, al livello di coinvolgimento e di conoscenza diretta o meno dei fatti da parte del segnalante, all\u2019eventuale coinvolgimento di altri soggetti informati. Per garantire riservatezza e anonimato, tutti i dati inseriti dal segnalante sono criptati, compreso l\u2019indirizzo e-mail.<\/p>\n<p><a href=\"https:\/\/whistleblowing.donboscotolmezzo.it\/#\/\">Accedi alla piattaforma<\/a><\/p>\n<h3 id=\"modalit\u00e0-alternative-di-segnalazione\">Modalit\u00e0 alternative di segnalazione<\/h3>\n<p>La piattaforma whistleblowing costituisce il canale preferenziale per la segnalazione di illeciti, consentendo a chi segnala di richiedere aggiornamenti sulla segnalazione effettuata. Tuttavia, ai sensi dell\u2019art. 54-bis del d.lgs. n. 165\/2001 (whistleblowing)&#8221;, \u00e8 possibile effettuare una segnalazione vocale mediante il canale telefonico diretto con il gestore delle segnalazioni (avv. Lorenzo Pilon) al numero 049-650777 dalle ore 9 alle ore 13, dal luned\u00ec al venerd\u00ec anche per appuntamento. Si ricorda che questa modalit\u00e0 di segnalazione garantisce la riservatezza del segnalante ma non l\u2019anonimato.<\/p>\n<h3 id=\"piattaforma-informatica-dedicata\">Piattaforma informatica dedicata<\/h3>\n<p>Il sistema utilizza la tecnologia opensource Globaleaks che \u00e8 ritenuta dagli esperti fra le pi\u00f9 efficaci a livello mondiale in termini di sicurezza e garantisce, tramite il ricorso a strumenti di crittografia, viene garantita la riservatezza dell\u2019identit\u00e0 della persona segnalante, della persona coinvolta, della persona menzionata nella segnalazione, nonch\u00e9 del contenuto della segnalazione e della eventuale documentazione inoltrata.<\/p>\n<h4 id=\"comunichiamo-attraverso-il-key-code\">Comunichiamo attraverso il \u201ckey code\u201d<\/h4>\n<p>Registrando la segnalazione sul portale si otterr\u00e0 un codice identificativo univoco di 16 cifre (key code). Tale codice:<\/p>\n<ul>\n<li>deve essere utilizzato per dialogare con il Responsabile per la Prevenzione della Corruzione aziendale in modo spersonalizzato attraverso il Canale (la piattaforma informatica) e per essere costantemente informati sullo stato di lavorazione della segnalazione inviata.<\/li>\n<li>deve essere conservato con cura in quanto, in caso di smarrimento, non potr\u00e0 essere recuperato o duplicato in alcun modo.<\/li>\n<\/ul>\n<p>[\/vc_column_text][\/vc_column][\/vc_row]<\/p>\n<\/div>","protected":false},"excerpt":{"rendered":"<p>[vc_row][vc_column][vc_column_text css=&#8221;&#8221;] Piattaforma on line per le segnalazioni di illeciti o irregolarit\u00e0 (ai sensi dell\u2019art. 54-bis del d.lgs. n. 165\/2001) \u201cCollegio Salesiano Don Bosco\u201d mette a disposizione un sistema informatico per la segnalazione di condotte illecite di interesse generale e non di interesse individuale, di cui si sia venuti a conoscenza in ragione del rapporto [&hellip;]<\/p>\n","protected":false},"author":2,"featured_media":0,"parent":0,"menu_order":0,"comment_status":"closed","ping_status":"closed","template":"","meta":{"footnotes":""},"class_list":["post-1659","page","type-page","status-publish","hentry"],"yoast_head":"<!-- This site is optimized with the Yoast SEO plugin v26.3 - https:\/\/yoast.com\/wordpress\/plugins\/seo\/ -->\n<title>Whistleblowing - Segnalazione illeciti - Don Bosco Tolmezzo<\/title>\n<meta name=\"robots\" content=\"index, follow, max-snippet:-1, max-image-preview:large, max-video-preview:-1\" \/>\n<link rel=\"canonical\" href=\"http:\/\/www.donboscotolmezzo.it\/index.php\/whistleblowing-segnalazione-illeciti\/\" \/>\n<meta property=\"og:locale\" content=\"it_IT\" \/>\n<meta property=\"og:type\" content=\"article\" \/>\n<meta property=\"og:title\" content=\"Whistleblowing - Segnalazione illeciti - Don Bosco Tolmezzo\" \/>\n<meta property=\"og:description\" content=\"[vc_row][vc_column][vc_column_text css=&#8221;&#8221;] Piattaforma on line per le segnalazioni di illeciti o irregolarit\u00e0 (ai sensi dell\u2019art. 54-bis del d.lgs. n. 165\/2001) \u201cCollegio Salesiano Don Bosco\u201d mette a disposizione un sistema informatico per la segnalazione di condotte illecite di interesse generale e non di interesse individuale, di cui si sia venuti a conoscenza in ragione del rapporto [&hellip;]\" \/>\n<meta property=\"og:url\" content=\"http:\/\/www.donboscotolmezzo.it\/index.php\/whistleblowing-segnalazione-illeciti\/\" \/>\n<meta property=\"og:site_name\" content=\"Don Bosco Tolmezzo\" \/>\n<meta property=\"article:modified_time\" content=\"2025-11-06T10:03:47+00:00\" \/>\n<meta name=\"twitter:card\" content=\"summary_large_image\" \/>\n<meta name=\"twitter:label1\" content=\"Tempo di lettura stimato\" \/>\n\t<meta name=\"twitter:data1\" content=\"3 minuti\" \/>\n<script type=\"application\/ld+json\" class=\"yoast-schema-graph\">{\"@context\":\"https:\/\/schema.org\",\"@graph\":[{\"@type\":\"WebPage\",\"@id\":\"http:\/\/www.donboscotolmezzo.it\/index.php\/whistleblowing-segnalazione-illeciti\/\",\"url\":\"http:\/\/www.donboscotolmezzo.it\/index.php\/whistleblowing-segnalazione-illeciti\/\",\"name\":\"Whistleblowing - Segnalazione illeciti - Don Bosco Tolmezzo\",\"isPartOf\":{\"@id\":\"https:\/\/www.donboscotolmezzo.it\/#website\"},\"datePublished\":\"2025-10-23T11:42:24+00:00\",\"dateModified\":\"2025-11-06T10:03:47+00:00\",\"breadcrumb\":{\"@id\":\"http:\/\/www.donboscotolmezzo.it\/index.php\/whistleblowing-segnalazione-illeciti\/#breadcrumb\"},\"inLanguage\":\"it-IT\",\"potentialAction\":[{\"@type\":\"ReadAction\",\"target\":[\"http:\/\/www.donboscotolmezzo.it\/index.php\/whistleblowing-segnalazione-illeciti\/\"]}]},{\"@type\":\"BreadcrumbList\",\"@id\":\"http:\/\/www.donboscotolmezzo.it\/index.php\/whistleblowing-segnalazione-illeciti\/#breadcrumb\",\"itemListElement\":[{\"@type\":\"ListItem\",\"position\":1,\"name\":\"Home\",\"item\":\"https:\/\/www.donboscotolmezzo.it\/\"},{\"@type\":\"ListItem\",\"position\":2,\"name\":\"Whistleblowing &#8211; Segnalazione illeciti\"}]},{\"@type\":\"WebSite\",\"@id\":\"https:\/\/www.donboscotolmezzo.it\/#website\",\"url\":\"https:\/\/www.donboscotolmezzo.it\/\",\"name\":\"Don Bosco Tolmezzo\",\"description\":\"\",\"potentialAction\":[{\"@type\":\"SearchAction\",\"target\":{\"@type\":\"EntryPoint\",\"urlTemplate\":\"https:\/\/www.donboscotolmezzo.it\/?s={search_term_string}\"},\"query-input\":{\"@type\":\"PropertyValueSpecification\",\"valueRequired\":true,\"valueName\":\"search_term_string\"}}],\"inLanguage\":\"it-IT\"}]}<\/script>\n<!-- \/ Yoast SEO plugin. -->","yoast_head_json":{"title":"Whistleblowing - Segnalazione illeciti - Don Bosco Tolmezzo","robots":{"index":"index","follow":"follow","max-snippet":"max-snippet:-1","max-image-preview":"max-image-preview:large","max-video-preview":"max-video-preview:-1"},"canonical":"http:\/\/www.donboscotolmezzo.it\/index.php\/whistleblowing-segnalazione-illeciti\/","og_locale":"it_IT","og_type":"article","og_title":"Whistleblowing - Segnalazione illeciti - Don Bosco Tolmezzo","og_description":"[vc_row][vc_column][vc_column_text css=&#8221;&#8221;] Piattaforma on line per le segnalazioni di illeciti o irregolarit\u00e0 (ai sensi dell\u2019art. 54-bis del d.lgs. n. 165\/2001) \u201cCollegio Salesiano Don Bosco\u201d mette a disposizione un sistema informatico per la segnalazione di condotte illecite di interesse generale e non di interesse individuale, di cui si sia venuti a conoscenza in ragione del rapporto [&hellip;]","og_url":"http:\/\/www.donboscotolmezzo.it\/index.php\/whistleblowing-segnalazione-illeciti\/","og_site_name":"Don Bosco Tolmezzo","article_modified_time":"2025-11-06T10:03:47+00:00","twitter_card":"summary_large_image","twitter_misc":{"Tempo di lettura stimato":"3 minuti"},"schema":{"@context":"https:\/\/schema.org","@graph":[{"@type":"WebPage","@id":"http:\/\/www.donboscotolmezzo.it\/index.php\/whistleblowing-segnalazione-illeciti\/","url":"http:\/\/www.donboscotolmezzo.it\/index.php\/whistleblowing-segnalazione-illeciti\/","name":"Whistleblowing - Segnalazione illeciti - Don Bosco Tolmezzo","isPartOf":{"@id":"https:\/\/www.donboscotolmezzo.it\/#website"},"datePublished":"2025-10-23T11:42:24+00:00","dateModified":"2025-11-06T10:03:47+00:00","breadcrumb":{"@id":"http:\/\/www.donboscotolmezzo.it\/index.php\/whistleblowing-segnalazione-illeciti\/#breadcrumb"},"inLanguage":"it-IT","potentialAction":[{"@type":"ReadAction","target":["http:\/\/www.donboscotolmezzo.it\/index.php\/whistleblowing-segnalazione-illeciti\/"]}]},{"@type":"BreadcrumbList","@id":"http:\/\/www.donboscotolmezzo.it\/index.php\/whistleblowing-segnalazione-illeciti\/#breadcrumb","itemListElement":[{"@type":"ListItem","position":1,"name":"Home","item":"https:\/\/www.donboscotolmezzo.it\/"},{"@type":"ListItem","position":2,"name":"Whistleblowing &#8211; Segnalazione illeciti"}]},{"@type":"WebSite","@id":"https:\/\/www.donboscotolmezzo.it\/#website","url":"https:\/\/www.donboscotolmezzo.it\/","name":"Don Bosco Tolmezzo","description":"","potentialAction":[{"@type":"SearchAction","target":{"@type":"EntryPoint","urlTemplate":"https:\/\/www.donboscotolmezzo.it\/?s={search_term_string}"},"query-input":{"@type":"PropertyValueSpecification","valueRequired":true,"valueName":"search_term_string"}}],"inLanguage":"it-IT"}]}},"_links":{"self":[{"href":"https:\/\/www.donboscotolmezzo.it\/index.php\/wp-json\/wp\/v2\/pages\/1659","targetHints":{"allow":["GET"]}}],"collection":[{"href":"https:\/\/www.donboscotolmezzo.it\/index.php\/wp-json\/wp\/v2\/pages"}],"about":[{"href":"https:\/\/www.donboscotolmezzo.it\/index.php\/wp-json\/wp\/v2\/types\/page"}],"author":[{"embeddable":true,"href":"https:\/\/www.donboscotolmezzo.it\/index.php\/wp-json\/wp\/v2\/users\/2"}],"replies":[{"embeddable":true,"href":"https:\/\/www.donboscotolmezzo.it\/index.php\/wp-json\/wp\/v2\/comments?post=1659"}],"version-history":[{"count":4,"href":"https:\/\/www.donboscotolmezzo.it\/index.php\/wp-json\/wp\/v2\/pages\/1659\/revisions"}],"predecessor-version":[{"id":1947,"href":"https:\/\/www.donboscotolmezzo.it\/index.php\/wp-json\/wp\/v2\/pages\/1659\/revisions\/1947"}],"wp:attachment":[{"href":"https:\/\/www.donboscotolmezzo.it\/index.php\/wp-json\/wp\/v2\/media?parent=1659"}],"curies":[{"name":"wp","href":"https:\/\/api.w.org\/{rel}","templated":true}]}}