{"id":1647,"date":"2025-10-23T11:37:25","date_gmt":"2025-10-23T11:37:25","guid":{"rendered":"http:\/\/www.donboscotolmezzo.it\/?page_id=1647"},"modified":"2025-10-24T08:02:37","modified_gmt":"2025-10-24T08:02:37","slug":"la-missione","status":"publish","type":"page","link":"https:\/\/www.donboscotolmezzo.it\/index.php\/la-missione\/","title":{"rendered":"La Missione"},"content":{"rendered":"<div class=\"wpb-content-wrapper\"><p>[vc_row][vc_column width=&#8221;1\/2&#8243;][vc_custom_heading text=&#8221;Lo Stile Salesiano: Educare con il Cuore di Don Bosco&#8221; google_fonts=&#8221;font_family:Montserrat%3Aregular%2C700|font_style:700%20bold%20regular%3A700%3Anormal&#8221; css=&#8221;&#8221;][vc_column_text css=&#8221;&#8221;]Don Bosco ci ha lasciato in eredit\u00e0 un modo unico di vivere e di lavorare: una fusione originale di spiritualit\u00e0 e azione che definiamo lo &#8220;Spirito Salesiano&#8221;. Questo spirito guida ogni nostra attivit\u00e0 e si fonda su pilastri chiari e profondi:<\/p>\n<h3><b>1. La Sollecitudine per i Giovani<\/b><\/h3>\n<p>Al centro della nostra missione c&#8217;\u00e8 una speciale attenzione verso <b>i giovani pi\u00f9 bisognosi<\/b> e, in generale, verso la classe popolare. Il nostro impegno \u00e8 garantire che ogni ragazzo, a prescindere dalla sua condizione sociale, abbia l&#8217;opportunit\u00e0 di crescere pienamente.<\/p>\n<h3><b>2. Il Metodo Pedagogico Salesiano: Una Famiglia che Accoglie<\/b><\/h3>\n<p>Il nostro approccio \u00e8 un metodo di convivenza e comunione che mira a far crescere ogni giovane in un <b>ambiente accogliente e familiare, segnato dall\u2019allegria<\/b>. Qui, i ragazzi sono incoraggiati a sviluppare tutte le loro potenzialit\u00e0 e abilit\u00e0, camminando al contempo lungo una chiara proposta di fede.[\/vc_column_text][\/vc_column][vc_column width=&#8221;1\/2&#8243;][vc_single_image image=&#8221;1741&#8243; img_size=&#8221;full&#8221; alignment=&#8221;center&#8221; css=&#8221;&#8221;][\/vc_column][\/vc_row][vc_row][vc_column width=&#8221;1\/2&#8243;][vc_single_image image=&#8221;1740&#8243; img_size=&#8221;full&#8221; alignment=&#8221;center&#8221; css=&#8221;&#8221;][\/vc_column][vc_column width=&#8221;1\/2&#8243;][vc_column_text css=&#8221;&#8221;]Ogni Casa Salesiana si propone, contemporaneamente, come:<\/p>\n<ul>\n<li><b>Casa che Accoglie:<\/b> Un luogo ricco di confidenza e familiarit\u00e0, dove si vive un autentico &#8220;spirito di famiglia&#8221;, essenziale per la nostra spiritualit\u00e0.<\/li>\n<li><b>Parrocchia che Evangelizza:<\/b> Nella convinzione profonda che in ogni giovane risieda il desiderio di Dio.<\/li>\n<li><b>Scuola che Avvia alla Vita:<\/b> Offriamo le risorse necessarie affinch\u00e9 ogni ragazzo sviluppi le capacit\u00e0 e le attitudini fondamentali per integrarsi con successo nella societ\u00e0.<\/li>\n<li><b>Cortile per Incontrarsi e Vivere in Allegria:<\/b> Il &#8220;cortile&#8221; \u00e8 l&#8217;emblema della nostra &#8220;pedagogia dell\u2019allegria, dell\u2019ottimismo e della festa&#8221;. \u00c8 una chiamata a un&#8217;esperienza autentica e vicina, riassunta nel motto: &#8220;Qui facciamo consistere la santit\u00e0 nello stare molto allegri&#8221;.<\/li>\n<\/ul>\n<p>[\/vc_column_text][\/vc_column][\/vc_row][vc_row][vc_column width=&#8221;1\/2&#8243;][vc_column_text css=&#8221;&#8221;]<\/p>\n<h3><b>3. Il Sistema Preventivo: Ragione, Religione e Amorevolezza<\/b><\/h3>\n<p>Lo stile salesiano si concretizza in uno speciale metodo educativo: il <b>Sistema Preventivo<\/b>. Non si tratta di reprimere, ma di prevenire il male fornendo gli strumenti per il bene. \u00c8 un sistema interamente basato su tre pilastri interdipendenti:<\/p>\n<ul>\n<li><b>Ragione:<\/b> L&#8217;uso della logica, della chiarezza nelle regole e della conoscenza.<\/li>\n<li><b>Religione:<\/b> La guida dei principi etici e della fede come motore di vita.<\/li>\n<li><b>Amorevolezza:<\/b> Un amore disinteressato e dimostrato, l&#8217;affetto del cuore che si traduce in presenza amorevole.<\/li>\n<\/ul>\n<p>Questa \u00e8 la nostra esperienza spirituale ed educativa unica: lavorare <b>con e tra i giovani<\/b> per la loro e la nostra salvezza.[\/vc_column_text][\/vc_column][vc_column width=&#8221;1\/2&#8243;][vc_single_image image=&#8221;1737&#8243; img_size=&#8221;full&#8221; alignment=&#8221;center&#8221; css=&#8221;&#8221;][\/vc_column][\/vc_row]<\/p>\n<\/div>","protected":false},"excerpt":{"rendered":"<p>[vc_row][vc_column width=&#8221;1\/2&#8243;][vc_custom_heading text=&#8221;Lo Stile Salesiano: Educare con il Cuore di Don Bosco&#8221; google_fonts=&#8221;font_family:Montserrat%3Aregular%2C700|font_style:700%20bold%20regular%3A700%3Anormal&#8221; css=&#8221;&#8221;][vc_column_text css=&#8221;&#8221;]Don Bosco ci ha lasciato in eredit\u00e0 un modo unico di vivere e di lavorare: una fusione originale di spiritualit\u00e0 e azione che definiamo lo &#8220;Spirito Salesiano&#8221;. Questo spirito guida ogni nostra attivit\u00e0 e si fonda su pilastri chiari e profondi: [&hellip;]<\/p>\n","protected":false},"author":2,"featured_media":0,"parent":0,"menu_order":0,"comment_status":"closed","ping_status":"closed","template":"","meta":{"footnotes":""},"class_list":["post-1647","page","type-page","status-publish","hentry"],"yoast_head":"<!-- This site is optimized with the Yoast SEO plugin v26.3 - https:\/\/yoast.com\/wordpress\/plugins\/seo\/ -->\n<title>La Missione - Don Bosco Tolmezzo<\/title>\n<meta name=\"robots\" content=\"index, follow, max-snippet:-1, max-image-preview:large, max-video-preview:-1\" \/>\n<link rel=\"canonical\" href=\"http:\/\/www.donboscotolmezzo.it\/index.php\/la-missione\/\" \/>\n<meta property=\"og:locale\" content=\"it_IT\" \/>\n<meta property=\"og:type\" content=\"article\" \/>\n<meta property=\"og:title\" content=\"La Missione - Don Bosco Tolmezzo\" \/>\n<meta property=\"og:description\" content=\"[vc_row][vc_column width=&#8221;1\/2&#8243;][vc_custom_heading text=&#8221;Lo Stile Salesiano: Educare con il Cuore di Don Bosco&#8221; google_fonts=&#8221;font_family:Montserrat%3Aregular%2C700|font_style:700%20bold%20regular%3A700%3Anormal&#8221; css=&#8221;&#8221;][vc_column_text css=&#8221;&#8221;]Don Bosco ci ha lasciato in eredit\u00e0 un modo unico di vivere e di lavorare: una fusione originale di spiritualit\u00e0 e azione che definiamo lo &#8220;Spirito Salesiano&#8221;. Questo spirito guida ogni nostra attivit\u00e0 e si fonda su pilastri chiari e profondi: [&hellip;]\" \/>\n<meta property=\"og:url\" content=\"http:\/\/www.donboscotolmezzo.it\/index.php\/la-missione\/\" \/>\n<meta property=\"og:site_name\" content=\"Don Bosco Tolmezzo\" \/>\n<meta property=\"article:modified_time\" content=\"2025-10-24T08:02:37+00:00\" \/>\n<meta name=\"twitter:card\" content=\"summary_large_image\" \/>\n<script type=\"application\/ld+json\" class=\"yoast-schema-graph\">{\"@context\":\"https:\/\/schema.org\",\"@graph\":[{\"@type\":\"WebPage\",\"@id\":\"http:\/\/www.donboscotolmezzo.it\/index.php\/la-missione\/\",\"url\":\"http:\/\/www.donboscotolmezzo.it\/index.php\/la-missione\/\",\"name\":\"La Missione - Don Bosco Tolmezzo\",\"isPartOf\":{\"@id\":\"https:\/\/www.donboscotolmezzo.it\/#website\"},\"datePublished\":\"2025-10-23T11:37:25+00:00\",\"dateModified\":\"2025-10-24T08:02:37+00:00\",\"breadcrumb\":{\"@id\":\"http:\/\/www.donboscotolmezzo.it\/index.php\/la-missione\/#breadcrumb\"},\"inLanguage\":\"it-IT\",\"potentialAction\":[{\"@type\":\"ReadAction\",\"target\":[\"http:\/\/www.donboscotolmezzo.it\/index.php\/la-missione\/\"]}]},{\"@type\":\"BreadcrumbList\",\"@id\":\"http:\/\/www.donboscotolmezzo.it\/index.php\/la-missione\/#breadcrumb\",\"itemListElement\":[{\"@type\":\"ListItem\",\"position\":1,\"name\":\"Home\",\"item\":\"https:\/\/www.donboscotolmezzo.it\/\"},{\"@type\":\"ListItem\",\"position\":2,\"name\":\"La Missione\"}]},{\"@type\":\"WebSite\",\"@id\":\"https:\/\/www.donboscotolmezzo.it\/#website\",\"url\":\"https:\/\/www.donboscotolmezzo.it\/\",\"name\":\"Don Bosco Tolmezzo\",\"description\":\"\",\"potentialAction\":[{\"@type\":\"SearchAction\",\"target\":{\"@type\":\"EntryPoint\",\"urlTemplate\":\"https:\/\/www.donboscotolmezzo.it\/?s={search_term_string}\"},\"query-input\":{\"@type\":\"PropertyValueSpecification\",\"valueRequired\":true,\"valueName\":\"search_term_string\"}}],\"inLanguage\":\"it-IT\"}]}<\/script>\n<!-- \/ Yoast SEO plugin. -->","yoast_head_json":{"title":"La Missione - Don Bosco Tolmezzo","robots":{"index":"index","follow":"follow","max-snippet":"max-snippet:-1","max-image-preview":"max-image-preview:large","max-video-preview":"max-video-preview:-1"},"canonical":"http:\/\/www.donboscotolmezzo.it\/index.php\/la-missione\/","og_locale":"it_IT","og_type":"article","og_title":"La Missione - Don Bosco Tolmezzo","og_description":"[vc_row][vc_column width=&#8221;1\/2&#8243;][vc_custom_heading text=&#8221;Lo Stile Salesiano: Educare con il Cuore di Don Bosco&#8221; google_fonts=&#8221;font_family:Montserrat%3Aregular%2C700|font_style:700%20bold%20regular%3A700%3Anormal&#8221; css=&#8221;&#8221;][vc_column_text css=&#8221;&#8221;]Don Bosco ci ha lasciato in eredit\u00e0 un modo unico di vivere e di lavorare: una fusione originale di spiritualit\u00e0 e azione che definiamo lo &#8220;Spirito Salesiano&#8221;. Questo spirito guida ogni nostra attivit\u00e0 e si fonda su pilastri chiari e profondi: [&hellip;]","og_url":"http:\/\/www.donboscotolmezzo.it\/index.php\/la-missione\/","og_site_name":"Don Bosco Tolmezzo","article_modified_time":"2025-10-24T08:02:37+00:00","twitter_card":"summary_large_image","schema":{"@context":"https:\/\/schema.org","@graph":[{"@type":"WebPage","@id":"http:\/\/www.donboscotolmezzo.it\/index.php\/la-missione\/","url":"http:\/\/www.donboscotolmezzo.it\/index.php\/la-missione\/","name":"La Missione - Don Bosco Tolmezzo","isPartOf":{"@id":"https:\/\/www.donboscotolmezzo.it\/#website"},"datePublished":"2025-10-23T11:37:25+00:00","dateModified":"2025-10-24T08:02:37+00:00","breadcrumb":{"@id":"http:\/\/www.donboscotolmezzo.it\/index.php\/la-missione\/#breadcrumb"},"inLanguage":"it-IT","potentialAction":[{"@type":"ReadAction","target":["http:\/\/www.donboscotolmezzo.it\/index.php\/la-missione\/"]}]},{"@type":"BreadcrumbList","@id":"http:\/\/www.donboscotolmezzo.it\/index.php\/la-missione\/#breadcrumb","itemListElement":[{"@type":"ListItem","position":1,"name":"Home","item":"https:\/\/www.donboscotolmezzo.it\/"},{"@type":"ListItem","position":2,"name":"La Missione"}]},{"@type":"WebSite","@id":"https:\/\/www.donboscotolmezzo.it\/#website","url":"https:\/\/www.donboscotolmezzo.it\/","name":"Don Bosco Tolmezzo","description":"","potentialAction":[{"@type":"SearchAction","target":{"@type":"EntryPoint","urlTemplate":"https:\/\/www.donboscotolmezzo.it\/?s={search_term_string}"},"query-input":{"@type":"PropertyValueSpecification","valueRequired":true,"valueName":"search_term_string"}}],"inLanguage":"it-IT"}]}},"_links":{"self":[{"href":"https:\/\/www.donboscotolmezzo.it\/index.php\/wp-json\/wp\/v2\/pages\/1647","targetHints":{"allow":["GET"]}}],"collection":[{"href":"https:\/\/www.donboscotolmezzo.it\/index.php\/wp-json\/wp\/v2\/pages"}],"about":[{"href":"https:\/\/www.donboscotolmezzo.it\/index.php\/wp-json\/wp\/v2\/types\/page"}],"author":[{"embeddable":true,"href":"https:\/\/www.donboscotolmezzo.it\/index.php\/wp-json\/wp\/v2\/users\/2"}],"replies":[{"embeddable":true,"href":"https:\/\/www.donboscotolmezzo.it\/index.php\/wp-json\/wp\/v2\/comments?post=1647"}],"version-history":[{"count":3,"href":"https:\/\/www.donboscotolmezzo.it\/index.php\/wp-json\/wp\/v2\/pages\/1647\/revisions"}],"predecessor-version":[{"id":1744,"href":"https:\/\/www.donboscotolmezzo.it\/index.php\/wp-json\/wp\/v2\/pages\/1647\/revisions\/1744"}],"wp:attachment":[{"href":"https:\/\/www.donboscotolmezzo.it\/index.php\/wp-json\/wp\/v2\/media?parent=1647"}],"curies":[{"name":"wp","href":"https:\/\/api.w.org\/{rel}","templated":true}]}}