{"id":1621,"date":"2025-10-23T11:22:40","date_gmt":"2025-10-23T11:22:40","guid":{"rendered":"http:\/\/www.donboscotolmezzo.it\/?page_id=1621"},"modified":"2025-10-30T13:23:11","modified_gmt":"2025-10-30T13:23:11","slug":"scuola-primaria","status":"publish","type":"page","link":"https:\/\/www.donboscotolmezzo.it\/index.php\/scuola-primaria\/","title":{"rendered":"Scuola Primaria"},"content":{"rendered":"<div class=\"wpb-content-wrapper\"><p>[vc_row][vc_column width=&#8221;1\/2&#8243;][vc_custom_heading text=&#8221;Criteri ispiratori della casa&#8221; google_fonts=&#8221;font_family:Montserrat%3Aregular%2C700|font_style:700%20bold%20regular%3A700%3Anormal&#8221; css=&#8221;&#8221;][vc_column_text css=&#8221;&#8221;]<span class=\"\">Il Collegio don Bosco di Tolmezzo \u00e8 una scuola che fa propri gli insegnamenti di San Giovanni Bosco.<\/span><\/p>\n<p>Il Collegio Don Bosco mira a creare un contesto di relazioni autentiche per aiutare bambini, ragazzi e giovani, a crescere come persone in grado di abitare il mondo con passione.<\/p>\n<p>Per realizzare questo, il Collegio don Bosco \u00e8:<\/p>\n<ul>\n<li><strong>Casa che accoglie<\/strong>&nbsp;in un ambiente ricco di confidenza e familiarit\u00e0;<\/li>\n<li><strong>Parrocchia che evangelizza<\/strong>&nbsp;perch\u00e9 aiuta a leggere ci\u00f2 che Dio ha scritto nel profondo di ogni cuore;<\/li>\n<li><strong>Scuola che avvia alla vita<\/strong>&nbsp;sviluppando attitudini ed educando comportamenti che permettono di affrontare la vita in modo responsabile;<\/li>\n<li><strong>Cortile per incontrarsi<\/strong>&nbsp;da amici per uscire da se stessi e imparare ad accogliere gli altri con uno sguardo positivo.<\/li>\n<\/ul>\n<p>[\/vc_column_text][\/vc_column][vc_column width=&#8221;1\/2&#8243;][vc_empty_space][vc_empty_space][vc_single_image image=&#8221;1871&#8243; img_size=&#8221;full&#8221; alignment=&#8221;center&#8221; css=&#8221;&#8221;][\/vc_column][\/vc_row][vc_row][vc_column width=&#8221;1\/2&#8243;][vc_empty_space][vc_empty_space][vc_single_image image=&#8221;1844&#8243; img_size=&#8221;full&#8221; alignment=&#8221;center&#8221; css=&#8221;&#8221;][\/vc_column][vc_column width=&#8221;1\/2&#8243;][vc_custom_heading text=&#8221;Mission&#8221; google_fonts=&#8221;font_family:Montserrat%3Aregular%2C700|font_style:700%20bold%20regular%3A700%3Anormal&#8221; css=&#8221;&#8221;][vc_column_text css=&#8221;&#8221;]Il clima educativo favorisce il dialogo, l\u2019amicizia, l\u2019apprendimento attivo e la gioia di stare assieme in vista di donare ai ragazzi una capacit\u00e0 di operare scelte mature e responsabili. Il Collegio don Bosco di Tolmezzo \u00e8 una scuola paritaria cattolica e salesiana che affonda le proprie radici nel Vangelo e nell\u2019esperienza pedagogica e spirituale di Don Bosco.<\/p>\n<p><strong>\u201cONESTI CITTADINI E BUONI CRISTIANI\u201d<\/strong>&nbsp;\u00e8 la massima che ha ispirato la missione educativa salesiana fin dalle origini, di cui ancor oggi si sente l\u2019urgenza.<\/p>\n<p>Si vogliono formare persone capaci di operare scelte consapevoli per s\u00e9 e per il bene di tutti, pronte per un mondo nuovo, in cui la conoscenza si traduca in possibilit\u00e0 e potere di allinearsi con un futuro sempre pi\u00f9 inafferrabile, se affrontato senza apertura e senza ascolto.<\/p>\n<p>L\u2019opera educativa salesiana \u00e8 il frutto di una dedizione continua di persone: educatori, insegnanti, genitori, che con generosa fedelt\u00e0 a Don Bosco si impegnano in un continuo aggiornamento delle tecniche didattiche donando la loro vita perch\u00e9 i bambini, i ragazzi e i giovani compiano un cammino armonico di maturazione della loro personalit\u00e0.[\/vc_column_text][\/vc_column][\/vc_row][vc_row][vc_column width=&#8221;1\/2&#8243;][vc_custom_heading text=&#8221;Orari da luned\u00ec a venerd\u00ec&#8221; google_fonts=&#8221;font_family:Montserrat%3Aregular%2C700|font_style:700%20bold%20regular%3A700%3Anormal&#8221; css=&#8221;&#8221;][vc_column_text css=&#8221;&#8221;]7.55 &#8211; 12.40 <strong>LUNED\u00ec e MERCOLED\u00ec<\/strong> (pomeriggio facoltativo)<br \/>\n7.55 &#8211; 8.10 Buongiorno<br \/>\n8.10 &#8211; 12.40 Attivit\u00e0 curricolari<br \/>\n12.40 &#8211; 13.10 Pranzo<br \/>\n13.10 &#8211; 13.45 Attivit\u00e0 di gioco<br \/>\n13.45 &#8211; 16.00 Attivit\u00e0 complementari o di potenziamento.<\/p>\n<p>7.55 &#8211; 16.00 <strong>MARTED\u00ec<\/strong> (pomeriggio obbligatorio)<br \/>\n7.55 &#8211; 8.10 Buongiorno<br \/>\n8.10 &#8211; 12.40 Attivit\u00e0 curricolari<br \/>\n12.40 &#8211; 13.10 Pranzo<br \/>\n13.10 &#8211; 14.00 Attivit\u00e0 di gioco<br \/>\n14.00 &#8211; 16.00 Attivit\u00e0 curricolari<\/p>\n<p>7.55 &#8211; 12.40 <strong>GIOVED\u00ec e VENERD\u00ec<\/strong> (pomeriggio facoltativo)<br \/>\n7.55 &#8211; 8.10 Buongiorno<br \/>\n8.10 &#8211; 12.40 Attivit\u00e0 curricolari<br \/>\n12.40 &#8211; 13.10 Pranzo<br \/>\n13.10 &#8211; 13.45 Attivit\u00e0 di gioco<br \/>\n13.45 &#8211; 16.00 Attivit\u00e0 complementari o di potenziamento.[\/vc_column_text][\/vc_column][vc_column width=&#8221;1\/2&#8243;][vc_empty_space][vc_single_image image=&#8221;1868&#8243; img_size=&#8221;full&#8221; css=&#8221;&#8221;][\/vc_column][\/vc_row][vc_row][vc_column width=&#8221;1\/2&#8243;][vc_empty_space][vc_empty_space][vc_single_image image=&#8221;1869&#8243; img_size=&#8221;full&#8221; alignment=&#8221;center&#8221; css=&#8221;&#8221;][\/vc_column][vc_column width=&#8221;1\/2&#8243;][vc_custom_heading text=&#8221;Punti di forza della Scuola&#8221; google_fonts=&#8221;font_family:Montserrat%3Aregular%2C700|font_style:700%20bold%20regular%3A700%3Anormal&#8221; css=&#8221;&#8221;][vc_column_text css=&#8221;&#8221;]Le scuole del collegio salesiano \u201cDon Bosco\u201d di Tolmezzo hanno avuto origine nel 1926. Tutt\u2019oggi l\u2019opera salesiana svolge il suo servizio di educazione e di formazione delle nuove generazioni attraverso la scuola, l\u2019oratorio e il servizio pastorale alla diocesi.<br \/>\nIn questa struttura, religiosi e laici, che condividono il metodo educativo salesiano e che hanno conseguito le competenze culturali e professionali<br \/>\nadeguate, offrono ai ragazzi una proposta educativa completa, mirante alle formazione globale della persona in tutte le sue componenti.<\/p>\n<p>SCUOLA che intende realizzare un sistema formativo integrato che preveda una progettazione educativo-formativa condivisa dalle varie agenzie educative: scuola-famiglia-territorio di appartenenza<\/p>\n<p>CATTOLICA perch\u00e8 vuole assicurare un\u2019educazione religiosa cristiana attraverso momenti specifici quotidiani e annuali.<\/p>\n<p>SALESIANA perch\u00e8 attenta a creare un clima familiare con il coinvolgimento delle famiglie e degli stessi alunni nel percorso educativo[\/vc_column_text][\/vc_column][\/vc_row][vc_row][vc_column width=&#8221;1\/2&#8243;][vc_empty_space][vc_custom_heading text=&#8221;Metodologie di insegnamento&#8221; google_fonts=&#8221;font_family:Montserrat%3Aregular%2C700|font_style:700%20bold%20regular%3A700%3Anormal&#8221; css=&#8221;&#8221;][vc_column_text css=&#8221;&#8221;]Nelle attivit\u00e0 curricolari gli insegnanti, partendo dall\u2019esperienza concreta per giungere all\u2019astrazione, si avvalgono dei alcuni fondamenti del metodo<br \/>\nanalogico di Camillo Bortolato; del metodo della dott.ssa Venturelli che facilit\u00e0 l\u2019apprendimento della scrittura e in particolare del corsivo;<br \/>\napprendimento cooperativo, attivit\u00e0 didattico &#8211; laboratoriali.<\/p>\n<p><strong>Monte ore settimanale<\/strong><br \/>\nLa scuola primaria \u00e8 organizzata in 27 ore di attivit\u00e0 curricolari, 3 di attivit\u00e0 complementari, 4 di potenziamento e compiti.[\/vc_column_text][vc_empty_space][\/vc_column][vc_column width=&#8221;1\/2&#8243;][vc_empty_space][vc_single_image image=&#8221;1827&#8243; img_size=&#8221;full&#8221; alignment=&#8221;center&#8221; css=&#8221;&#8221;][\/vc_column][\/vc_row][vc_row][vc_column width=&#8221;1\/2&#8243;][vc_empty_space][vc_empty_space][vc_single_image image=&#8221;1885&#8243; img_size=&#8221;full&#8221; alignment=&#8221;center&#8221; css=&#8221;&#8221;][vc_empty_space][\/vc_column][vc_column width=&#8221;1\/2&#8243;][vc_custom_heading text=&#8221;Ulteriori offerte formative&#8221; google_fonts=&#8221;font_family:Montserrat%3Aregular%2C700|font_style:700%20bold%20regular%3A700%3Anormal&#8221; css=&#8221;&#8221;][vc_column_text css=&#8221;&#8221;]<\/p>\n<ul>\n<li>&nbsp;Accoglienza quotidiana prima e dopo l\u2019orario scolastico<\/li>\n<li>Compiti: gli alunni fanno i compiti in classe, assistiti dalla propria insegnante (tranne marted\u00ec)<\/li>\n<li>Potenziamento della lingua inglese: 1h in pi\u00f9 in tutte le classi<\/li>\n<li>Potenziamento dell\u2019attivit\u00e0 musicale, sportiva e artistica: ogni venerd\u00ec pomeriggio si promuovono le abilit\u00e0 motorie, artistiche e musicali degli alunni con l\u2019approfondimento di uno strumenti.<\/li>\n<li>Attivit\u00e0 complementari: teatro, musica, fumetto, danza, cucito, pittura, patchwork, potenziamento cognitivo, attivit\u00e0 manuali, nuoto, bike school, arrampicata e coding<\/li>\n<li>Progetto di educazione ambientale per sensibilizzare i bambini alla conoscenza dell\u2019ambiente e del territorio. Percorsi di orientamento come primo approccio alla riflessione sui progetti di vita futura.<\/li>\n<li>Percorso di continuit\u00e0 con le scuole dell\u2019infanzia paritarie del territorio e la scuola secondaria di primo grado Don Bosco<\/li>\n<li>Progetto di educazione stradale: per promuovere i valori di consapevolezza, responsabilit\u00e0, rispetto del codice della strada<\/li>\n<li>Uscite sul territorio (Rete museale e Carnia Musei)<\/li>\n<li>Per la 5^ attivit\u00e0 extra-scolastiche: un pomeriggio al mese (16.30-20\/21.30) grest live priamaria per scoprire lo stile che abita<br \/>\nle case di Don Bosco e tenerlo vivo in classe, famiglia, tra amici<\/li>\n<li>Grest estivo a tariffa agevolata per gli alunni della nostra scuola<\/li>\n<\/ul>\n<p>[\/vc_column_text][vc_empty_space][\/vc_column][\/vc_row][vc_row][vc_column width=&#8221;1\/3&#8243;][vc_custom_heading text=&#8221;Laboratori&#8221; google_fonts=&#8221;font_family:Montserrat%3Aregular%2C700|font_style:700%20bold%20regular%3A700%3Anormal&#8221; css=&#8221;&#8221;][vc_column_text css=&#8221;&#8221;]<\/p>\n<ul>\n<li>Laboratorio informatico<\/li>\n<li>Laboratorio teatrale<\/li>\n<li>Laboratorio scientifico<\/li>\n<li>Laboratorio delle arti<\/li>\n<li>Laboratorio dello sporto<\/li>\n<\/ul>\n<p>[\/vc_column_text][\/vc_column][vc_column width=&#8221;1\/3&#8243;][vc_custom_heading text=&#8221;Strutture&#8221; google_fonts=&#8221;font_family:Montserrat%3Aregular%2C700|font_style:700%20bold%20regular%3A700%3Anormal&#8221; css=&#8221;&#8221;][vc_column_text css=&#8221;&#8221;]<\/p>\n<ul>\n<li>Aule scolastiche dotate di lavagna interattiva multimediale (LIM)<\/li>\n<li>Aula di informatica mobile, dotata di un iPad per ogni alunno<\/li>\n<li>Aula di sostegno<\/li>\n<li>Aula di musica<\/li>\n<li>Aula di scienze<\/li>\n<li>Aula di arte<\/li>\n<li>Palestra<\/li>\n<li>Teatro<\/li>\n<li>Cappellina per momenti formativi<\/li>\n<li>Chiesa<\/li>\n<li>Biblioteca<\/li>\n<li>Sala mensa<\/li>\n<li>Ampi cortili e campi da gioco<\/li>\n<\/ul>\n<p>[\/vc_column_text][\/vc_column][vc_column width=&#8221;1\/3&#8243;][vc_custom_heading text=&#8221;Documenti&#8221; google_fonts=&#8221;font_family:Montserrat%3Aregular%2C700|font_style:700%20bold%20regular%3A700%3Anormal&#8221; css=&#8221;&#8221;][vc_column_text css=&#8221;&#8221;]<a href=\"https:\/\/drive.google.com\/file\/d\/1kidwv_qt10VO_PyBiVUCAwER8dT9G685\/view\" target=\"_blank\" rel=\"noopener\">Regolamento di istituto<\/a><\/p>\n<p><a href=\"https:\/\/drive.google.com\/file\/d\/1YpS_Y0qfDkGccGl6UU_09LHCV8W1xKJU\/view\" target=\"_blank\" rel=\"noopener\">Piano triennale dell\u2019offerta formativa<\/a><\/p>\n<p><a href=\"https:\/\/drive.google.com\/file\/d\/1phIi56pvOMu9RwCsEYS20DtZTmpIuI50\/view\" target=\"_blank\" rel=\"noopener\">Protocollo antibullismo<\/a><\/p>\n<p><a href=\"https:\/\/drive.google.com\/file\/d\/1zAU1--PFQ6crm8kPIivmqE14y1Qub7Qj\/view\" target=\"_blank\" rel=\"noopener\">Codice etico antibullismo primaria<\/a><\/p>\n<p><a href=\"https:\/\/drive.google.com\/file\/d\/156JqGwMG_3FMvQP4bZ7rL3tSNTJqboHz\/view\" target=\"_blank\" rel=\"noopener\">Codice etico cyberbullismo<\/a>[\/vc_column_text][\/vc_column][\/vc_row][vc_row][vc_column][vc_custom_heading text=&#8221;Ultime News&#8221; font_container=&#8221;tag:h2|text_align:center&#8221; google_fonts=&#8221;font_family:Montserrat%3Aregular%2C700|font_style:700%20bold%20regular%3A700%3Anormal&#8221; css=&#8221;&#8221;][vc_basic_grid post_type=&#8221;post&#8221; max_items=&#8221;4&#8243; element_width=&#8221;3&#8243; item=&#8221;masonryGrid_Default&#8221; css=&#8221;&#8221; grid_id=&#8221;vc_gid:1761829665459-ed21b277a19ec39d6370ef2d0b252739-2&#8243;][\/vc_column][\/vc_row]<\/p>\n<\/div>","protected":false},"excerpt":{"rendered":"<p>[vc_row][vc_column width=&#8221;1\/2&#8243;][vc_custom_heading text=&#8221;Criteri ispiratori della casa&#8221; google_fonts=&#8221;font_family:Montserrat%3Aregular%2C700|font_style:700%20bold%20regular%3A700%3Anormal&#8221; css=&#8221;&#8221;][vc_column_text css=&#8221;&#8221;]Il Collegio don Bosco di Tolmezzo \u00e8 una scuola che fa propri gli insegnamenti di San Giovanni Bosco. Il Collegio Don Bosco mira a creare un contesto di relazioni autentiche per aiutare bambini, ragazzi e giovani, a crescere come persone in grado di abitare il mondo con [&hellip;]<\/p>\n","protected":false},"author":2,"featured_media":0,"parent":0,"menu_order":0,"comment_status":"closed","ping_status":"closed","template":"","meta":{"footnotes":""},"class_list":["post-1621","page","type-page","status-publish","hentry"],"yoast_head":"<!-- This site is optimized with the Yoast SEO plugin v26.3 - https:\/\/yoast.com\/wordpress\/plugins\/seo\/ -->\n<title>Scuola Primaria - Don Bosco Tolmezzo<\/title>\n<meta name=\"robots\" content=\"index, follow, max-snippet:-1, max-image-preview:large, max-video-preview:-1\" \/>\n<link rel=\"canonical\" href=\"https:\/\/www.donboscotolmezzo.it\/index.php\/scuola-primaria\/\" \/>\n<meta property=\"og:locale\" content=\"it_IT\" \/>\n<meta property=\"og:type\" content=\"article\" \/>\n<meta property=\"og:title\" content=\"Scuola Primaria - Don Bosco Tolmezzo\" \/>\n<meta property=\"og:description\" content=\"[vc_row][vc_column width=&#8221;1\/2&#8243;][vc_custom_heading text=&#8221;Criteri ispiratori della casa&#8221; google_fonts=&#8221;font_family:Montserrat%3Aregular%2C700|font_style:700%20bold%20regular%3A700%3Anormal&#8221; css=&#8221;&#8221;][vc_column_text css=&#8221;&#8221;]Il Collegio don Bosco di Tolmezzo \u00e8 una scuola che fa propri gli insegnamenti di San Giovanni Bosco. Il Collegio Don Bosco mira a creare un contesto di relazioni autentiche per aiutare bambini, ragazzi e giovani, a crescere come persone in grado di abitare il mondo con [&hellip;]\" \/>\n<meta property=\"og:url\" content=\"https:\/\/www.donboscotolmezzo.it\/index.php\/scuola-primaria\/\" \/>\n<meta property=\"og:site_name\" content=\"Don Bosco Tolmezzo\" \/>\n<meta property=\"article:modified_time\" content=\"2025-10-30T13:23:11+00:00\" \/>\n<meta name=\"twitter:card\" content=\"summary_large_image\" \/>\n<script type=\"application\/ld+json\" class=\"yoast-schema-graph\">{\"@context\":\"https:\/\/schema.org\",\"@graph\":[{\"@type\":\"WebPage\",\"@id\":\"https:\/\/www.donboscotolmezzo.it\/index.php\/scuola-primaria\/\",\"url\":\"https:\/\/www.donboscotolmezzo.it\/index.php\/scuola-primaria\/\",\"name\":\"Scuola Primaria - Don Bosco Tolmezzo\",\"isPartOf\":{\"@id\":\"https:\/\/www.donboscotolmezzo.it\/#website\"},\"datePublished\":\"2025-10-23T11:22:40+00:00\",\"dateModified\":\"2025-10-30T13:23:11+00:00\",\"breadcrumb\":{\"@id\":\"https:\/\/www.donboscotolmezzo.it\/index.php\/scuola-primaria\/#breadcrumb\"},\"inLanguage\":\"it-IT\",\"potentialAction\":[{\"@type\":\"ReadAction\",\"target\":[\"https:\/\/www.donboscotolmezzo.it\/index.php\/scuola-primaria\/\"]}]},{\"@type\":\"BreadcrumbList\",\"@id\":\"https:\/\/www.donboscotolmezzo.it\/index.php\/scuola-primaria\/#breadcrumb\",\"itemListElement\":[{\"@type\":\"ListItem\",\"position\":1,\"name\":\"Home\",\"item\":\"https:\/\/www.donboscotolmezzo.it\/\"},{\"@type\":\"ListItem\",\"position\":2,\"name\":\"Scuola Primaria\"}]},{\"@type\":\"WebSite\",\"@id\":\"https:\/\/www.donboscotolmezzo.it\/#website\",\"url\":\"https:\/\/www.donboscotolmezzo.it\/\",\"name\":\"Don Bosco Tolmezzo\",\"description\":\"\",\"potentialAction\":[{\"@type\":\"SearchAction\",\"target\":{\"@type\":\"EntryPoint\",\"urlTemplate\":\"https:\/\/www.donboscotolmezzo.it\/?s={search_term_string}\"},\"query-input\":{\"@type\":\"PropertyValueSpecification\",\"valueRequired\":true,\"valueName\":\"search_term_string\"}}],\"inLanguage\":\"it-IT\"}]}<\/script>\n<!-- \/ Yoast SEO plugin. -->","yoast_head_json":{"title":"Scuola Primaria - Don Bosco Tolmezzo","robots":{"index":"index","follow":"follow","max-snippet":"max-snippet:-1","max-image-preview":"max-image-preview:large","max-video-preview":"max-video-preview:-1"},"canonical":"https:\/\/www.donboscotolmezzo.it\/index.php\/scuola-primaria\/","og_locale":"it_IT","og_type":"article","og_title":"Scuola Primaria - Don Bosco Tolmezzo","og_description":"[vc_row][vc_column width=&#8221;1\/2&#8243;][vc_custom_heading text=&#8221;Criteri ispiratori della casa&#8221; google_fonts=&#8221;font_family:Montserrat%3Aregular%2C700|font_style:700%20bold%20regular%3A700%3Anormal&#8221; css=&#8221;&#8221;][vc_column_text css=&#8221;&#8221;]Il Collegio don Bosco di Tolmezzo \u00e8 una scuola che fa propri gli insegnamenti di San Giovanni Bosco. Il Collegio Don Bosco mira a creare un contesto di relazioni autentiche per aiutare bambini, ragazzi e giovani, a crescere come persone in grado di abitare il mondo con [&hellip;]","og_url":"https:\/\/www.donboscotolmezzo.it\/index.php\/scuola-primaria\/","og_site_name":"Don Bosco Tolmezzo","article_modified_time":"2025-10-30T13:23:11+00:00","twitter_card":"summary_large_image","schema":{"@context":"https:\/\/schema.org","@graph":[{"@type":"WebPage","@id":"https:\/\/www.donboscotolmezzo.it\/index.php\/scuola-primaria\/","url":"https:\/\/www.donboscotolmezzo.it\/index.php\/scuola-primaria\/","name":"Scuola Primaria - Don Bosco Tolmezzo","isPartOf":{"@id":"https:\/\/www.donboscotolmezzo.it\/#website"},"datePublished":"2025-10-23T11:22:40+00:00","dateModified":"2025-10-30T13:23:11+00:00","breadcrumb":{"@id":"https:\/\/www.donboscotolmezzo.it\/index.php\/scuola-primaria\/#breadcrumb"},"inLanguage":"it-IT","potentialAction":[{"@type":"ReadAction","target":["https:\/\/www.donboscotolmezzo.it\/index.php\/scuola-primaria\/"]}]},{"@type":"BreadcrumbList","@id":"https:\/\/www.donboscotolmezzo.it\/index.php\/scuola-primaria\/#breadcrumb","itemListElement":[{"@type":"ListItem","position":1,"name":"Home","item":"https:\/\/www.donboscotolmezzo.it\/"},{"@type":"ListItem","position":2,"name":"Scuola Primaria"}]},{"@type":"WebSite","@id":"https:\/\/www.donboscotolmezzo.it\/#website","url":"https:\/\/www.donboscotolmezzo.it\/","name":"Don Bosco Tolmezzo","description":"","potentialAction":[{"@type":"SearchAction","target":{"@type":"EntryPoint","urlTemplate":"https:\/\/www.donboscotolmezzo.it\/?s={search_term_string}"},"query-input":{"@type":"PropertyValueSpecification","valueRequired":true,"valueName":"search_term_string"}}],"inLanguage":"it-IT"}]}},"_links":{"self":[{"href":"https:\/\/www.donboscotolmezzo.it\/index.php\/wp-json\/wp\/v2\/pages\/1621","targetHints":{"allow":["GET"]}}],"collection":[{"href":"https:\/\/www.donboscotolmezzo.it\/index.php\/wp-json\/wp\/v2\/pages"}],"about":[{"href":"https:\/\/www.donboscotolmezzo.it\/index.php\/wp-json\/wp\/v2\/types\/page"}],"author":[{"embeddable":true,"href":"https:\/\/www.donboscotolmezzo.it\/index.php\/wp-json\/wp\/v2\/users\/2"}],"replies":[{"embeddable":true,"href":"https:\/\/www.donboscotolmezzo.it\/index.php\/wp-json\/wp\/v2\/comments?post=1621"}],"version-history":[{"count":18,"href":"https:\/\/www.donboscotolmezzo.it\/index.php\/wp-json\/wp\/v2\/pages\/1621\/revisions"}],"predecessor-version":[{"id":1886,"href":"https:\/\/www.donboscotolmezzo.it\/index.php\/wp-json\/wp\/v2\/pages\/1621\/revisions\/1886"}],"wp:attachment":[{"href":"https:\/\/www.donboscotolmezzo.it\/index.php\/wp-json\/wp\/v2\/media?parent=1621"}],"curies":[{"name":"wp","href":"https:\/\/api.w.org\/{rel}","templated":true}]}}