{"id":1611,"date":"2025-10-23T11:19:44","date_gmt":"2025-10-23T11:19:44","guid":{"rendered":"http:\/\/www.donboscotolmezzo.it\/?page_id=1611"},"modified":"2025-11-03T07:07:57","modified_gmt":"2025-11-03T07:07:57","slug":"oratorio","status":"publish","type":"page","link":"https:\/\/www.donboscotolmezzo.it\/index.php\/oratorio\/","title":{"rendered":"Oratorio"},"content":{"rendered":"<div class=\"wpb-content-wrapper\"><p>[vc_row][vc_column width=&#8221;1\/2&#8243;][vc_custom_heading text=&#8221;L&#8217;Oratorio Salesiano&#8221; google_fonts=&#8221;font_family:Montserrat%3Aregular%2C700|font_style:700%20bold%20regular%3A700%3Anormal&#8221; css=&#8221;&#8221;][vc_column_text css=&#8221;&#8221;]<strong>L\u2019Oratorio di San Francesco di Sales a Valdocco fu la prima opera stabile, quella che diede inizio a tutte le altre.<\/strong>&nbsp;L\u2019ambiente educativo costruito nell\u2019Oratorio fu la risposta pastorale di Don Bosco alle necessit\u00e0 degli adolescenti e dei giovani pi\u00f9 bisognosi della citt\u00e0 di Torino. Alla maggior parte di essi, assieme al catechismo, offriva un sano divertimento, l\u2019istruzione elementare e competenze di lavoro per la vita. Don Bosco seppe garantire formazione e impegno cristiano ai giovani che gli presentavano sfide educative pi\u00f9 urgenti.<\/p>\n<p>L\u2019impronta personale di Don Bosco diede forma all\u2019Oratorio e&nbsp;<strong>la sua prassi divenne criterio preventivo applicato negli anni<\/strong>: da alcuni servizi pensati per i giovani, si passa a una presenza familiare degli educatori in mezzo ai giovani, nelle attivit\u00e0 ludiche e nelle proposte religiose.<\/p>\n<p>L\u2019Oratorio di Don Bosco \u00e8 all\u2019origine di tutta l\u2019opera salesiana e ne costituisce il prototipo. Con quest\u2019ispirazione si sviluppano tutti i diversi progetti e servizi evangelizzatori della missione salesiana.<\/p>\n<p>In una situazione in cui il tempo libero dei ragazzi \u00e8 saturato da tante attivit\u00e0 gestite sempre pi\u00f9 spesso anche dalle istituzioni civili con risorse ingenti, l\u2019Oratorio accoglie le richieste di attivit\u00e0 con attenzione al cuore oratorio, allo stile, alla qualit\u00e0, convinto che nel tempo e con la collaborazione delle famiglie, le nostre proposte educative siano vincenti.<br \/>\nGli Oratori salesiani hanno saputo adattarsi alle nuove situazioni, con modalit\u00e0 diverse, assumendo anche nomi diversi. In alcuni contesti, per \u201c<strong>Oratorio<\/strong>\u201d si intende un programma, festivo o quotidiano, destinato specialmente ai ragazzi (fanciulli e preadolescenti), aperto a un pubblico ampio, con metodi di approccio che favoriscono nel loro ambiente varie forme di tempo libero e di incontro religioso. Per \u201c<strong>Centro Giovanile<\/strong>\u201d si intende una struttura, destinata soprattutto agli adolescenti e ai giovani, aperta a tutti, con varie proposte di maturazione integrale, con prevalenza della metodologia di gruppo per un impegno umano e cristiano.<br \/>\nCon \u201c<strong>Oratorio-Centro Giovanile<\/strong>\u201d si comprende insieme sia la realt\u00e0 oratoria aperta come anche l\u2019impegno per i giovani pi\u00f9 maturi.[\/vc_column_text][vc_single_image image=&#8221;1788&#8243; img_size=&#8221;full&#8221; alignment=&#8221;center&#8221; css=&#8221;&#8221;][\/vc_column][vc_column width=&#8221;1\/2&#8243;][vc_custom_heading text=&#8221;Orari&#8221; google_fonts=&#8221;font_family:Montserrat%3Aregular%2C700|font_style:700%20bold%20regular%3A700%3Anormal&#8221; css=&#8221;&#8221;][vc_column_text css=&#8221;&#8221;]<b>Oratorio di base<\/b><\/p>\n<p>Tutti i giorni dalle 17 alle 18.30 e sabato dalle 15 alle 18.00[\/vc_column_text][vc_single_image image=&#8221;1786&#8243; img_size=&#8221;full&#8221; alignment=&#8221;center&#8221; css=&#8221;&#8221;][vc_single_image image=&#8221;1696&#8243; img_size=&#8221;full&#8221; alignment=&#8221;center&#8221; css=&#8221;&#8221;][\/vc_column][\/vc_row]<\/p>\n<\/div>","protected":false},"excerpt":{"rendered":"<p>[vc_row][vc_column width=&#8221;1\/2&#8243;][vc_custom_heading text=&#8221;L&#8217;Oratorio Salesiano&#8221; google_fonts=&#8221;font_family:Montserrat%3Aregular%2C700|font_style:700%20bold%20regular%3A700%3Anormal&#8221; css=&#8221;&#8221;][vc_column_text css=&#8221;&#8221;]L\u2019Oratorio di San Francesco di Sales a Valdocco fu la prima opera stabile, quella che diede inizio a tutte le altre.&nbsp;L\u2019ambiente educativo costruito nell\u2019Oratorio fu la risposta pastorale di Don Bosco alle necessit\u00e0 degli adolescenti e dei giovani pi\u00f9 bisognosi della citt\u00e0 di Torino. Alla maggior parte di essi, [&hellip;]<\/p>\n","protected":false},"author":2,"featured_media":0,"parent":0,"menu_order":0,"comment_status":"closed","ping_status":"closed","template":"","meta":{"footnotes":""},"class_list":["post-1611","page","type-page","status-publish","hentry"],"yoast_head":"<!-- This site is optimized with the Yoast SEO plugin v26.3 - https:\/\/yoast.com\/wordpress\/plugins\/seo\/ -->\n<title>Oratorio - Don Bosco Tolmezzo<\/title>\n<meta name=\"robots\" content=\"index, follow, max-snippet:-1, max-image-preview:large, max-video-preview:-1\" \/>\n<link rel=\"canonical\" href=\"http:\/\/www.donboscotolmezzo.it\/index.php\/oratorio\/\" \/>\n<meta property=\"og:locale\" content=\"it_IT\" \/>\n<meta property=\"og:type\" content=\"article\" \/>\n<meta property=\"og:title\" content=\"Oratorio - Don Bosco Tolmezzo\" \/>\n<meta property=\"og:description\" content=\"[vc_row][vc_column width=&#8221;1\/2&#8243;][vc_custom_heading text=&#8221;L&#8217;Oratorio Salesiano&#8221; google_fonts=&#8221;font_family:Montserrat%3Aregular%2C700|font_style:700%20bold%20regular%3A700%3Anormal&#8221; css=&#8221;&#8221;][vc_column_text css=&#8221;&#8221;]L\u2019Oratorio di San Francesco di Sales a Valdocco fu la prima opera stabile, quella che diede inizio a tutte le altre.&nbsp;L\u2019ambiente educativo costruito nell\u2019Oratorio fu la risposta pastorale di Don Bosco alle necessit\u00e0 degli adolescenti e dei giovani pi\u00f9 bisognosi della citt\u00e0 di Torino. Alla maggior parte di essi, [&hellip;]\" \/>\n<meta property=\"og:url\" content=\"http:\/\/www.donboscotolmezzo.it\/index.php\/oratorio\/\" \/>\n<meta property=\"og:site_name\" content=\"Don Bosco Tolmezzo\" \/>\n<meta property=\"article:modified_time\" content=\"2025-11-03T07:07:57+00:00\" \/>\n<meta name=\"twitter:card\" content=\"summary_large_image\" \/>\n<script type=\"application\/ld+json\" class=\"yoast-schema-graph\">{\"@context\":\"https:\/\/schema.org\",\"@graph\":[{\"@type\":\"WebPage\",\"@id\":\"http:\/\/www.donboscotolmezzo.it\/index.php\/oratorio\/\",\"url\":\"http:\/\/www.donboscotolmezzo.it\/index.php\/oratorio\/\",\"name\":\"Oratorio - Don Bosco Tolmezzo\",\"isPartOf\":{\"@id\":\"https:\/\/www.donboscotolmezzo.it\/#website\"},\"datePublished\":\"2025-10-23T11:19:44+00:00\",\"dateModified\":\"2025-11-03T07:07:57+00:00\",\"breadcrumb\":{\"@id\":\"http:\/\/www.donboscotolmezzo.it\/index.php\/oratorio\/#breadcrumb\"},\"inLanguage\":\"it-IT\",\"potentialAction\":[{\"@type\":\"ReadAction\",\"target\":[\"http:\/\/www.donboscotolmezzo.it\/index.php\/oratorio\/\"]}]},{\"@type\":\"BreadcrumbList\",\"@id\":\"http:\/\/www.donboscotolmezzo.it\/index.php\/oratorio\/#breadcrumb\",\"itemListElement\":[{\"@type\":\"ListItem\",\"position\":1,\"name\":\"Home\",\"item\":\"https:\/\/www.donboscotolmezzo.it\/\"},{\"@type\":\"ListItem\",\"position\":2,\"name\":\"Oratorio\"}]},{\"@type\":\"WebSite\",\"@id\":\"https:\/\/www.donboscotolmezzo.it\/#website\",\"url\":\"https:\/\/www.donboscotolmezzo.it\/\",\"name\":\"Don Bosco Tolmezzo\",\"description\":\"\",\"potentialAction\":[{\"@type\":\"SearchAction\",\"target\":{\"@type\":\"EntryPoint\",\"urlTemplate\":\"https:\/\/www.donboscotolmezzo.it\/?s={search_term_string}\"},\"query-input\":{\"@type\":\"PropertyValueSpecification\",\"valueRequired\":true,\"valueName\":\"search_term_string\"}}],\"inLanguage\":\"it-IT\"}]}<\/script>\n<!-- \/ Yoast SEO plugin. -->","yoast_head_json":{"title":"Oratorio - Don Bosco Tolmezzo","robots":{"index":"index","follow":"follow","max-snippet":"max-snippet:-1","max-image-preview":"max-image-preview:large","max-video-preview":"max-video-preview:-1"},"canonical":"http:\/\/www.donboscotolmezzo.it\/index.php\/oratorio\/","og_locale":"it_IT","og_type":"article","og_title":"Oratorio - Don Bosco Tolmezzo","og_description":"[vc_row][vc_column width=&#8221;1\/2&#8243;][vc_custom_heading text=&#8221;L&#8217;Oratorio Salesiano&#8221; google_fonts=&#8221;font_family:Montserrat%3Aregular%2C700|font_style:700%20bold%20regular%3A700%3Anormal&#8221; css=&#8221;&#8221;][vc_column_text css=&#8221;&#8221;]L\u2019Oratorio di San Francesco di Sales a Valdocco fu la prima opera stabile, quella che diede inizio a tutte le altre.&nbsp;L\u2019ambiente educativo costruito nell\u2019Oratorio fu la risposta pastorale di Don Bosco alle necessit\u00e0 degli adolescenti e dei giovani pi\u00f9 bisognosi della citt\u00e0 di Torino. Alla maggior parte di essi, [&hellip;]","og_url":"http:\/\/www.donboscotolmezzo.it\/index.php\/oratorio\/","og_site_name":"Don Bosco Tolmezzo","article_modified_time":"2025-11-03T07:07:57+00:00","twitter_card":"summary_large_image","schema":{"@context":"https:\/\/schema.org","@graph":[{"@type":"WebPage","@id":"http:\/\/www.donboscotolmezzo.it\/index.php\/oratorio\/","url":"http:\/\/www.donboscotolmezzo.it\/index.php\/oratorio\/","name":"Oratorio - Don Bosco Tolmezzo","isPartOf":{"@id":"https:\/\/www.donboscotolmezzo.it\/#website"},"datePublished":"2025-10-23T11:19:44+00:00","dateModified":"2025-11-03T07:07:57+00:00","breadcrumb":{"@id":"http:\/\/www.donboscotolmezzo.it\/index.php\/oratorio\/#breadcrumb"},"inLanguage":"it-IT","potentialAction":[{"@type":"ReadAction","target":["http:\/\/www.donboscotolmezzo.it\/index.php\/oratorio\/"]}]},{"@type":"BreadcrumbList","@id":"http:\/\/www.donboscotolmezzo.it\/index.php\/oratorio\/#breadcrumb","itemListElement":[{"@type":"ListItem","position":1,"name":"Home","item":"https:\/\/www.donboscotolmezzo.it\/"},{"@type":"ListItem","position":2,"name":"Oratorio"}]},{"@type":"WebSite","@id":"https:\/\/www.donboscotolmezzo.it\/#website","url":"https:\/\/www.donboscotolmezzo.it\/","name":"Don Bosco Tolmezzo","description":"","potentialAction":[{"@type":"SearchAction","target":{"@type":"EntryPoint","urlTemplate":"https:\/\/www.donboscotolmezzo.it\/?s={search_term_string}"},"query-input":{"@type":"PropertyValueSpecification","valueRequired":true,"valueName":"search_term_string"}}],"inLanguage":"it-IT"}]}},"_links":{"self":[{"href":"https:\/\/www.donboscotolmezzo.it\/index.php\/wp-json\/wp\/v2\/pages\/1611","targetHints":{"allow":["GET"]}}],"collection":[{"href":"https:\/\/www.donboscotolmezzo.it\/index.php\/wp-json\/wp\/v2\/pages"}],"about":[{"href":"https:\/\/www.donboscotolmezzo.it\/index.php\/wp-json\/wp\/v2\/types\/page"}],"author":[{"embeddable":true,"href":"https:\/\/www.donboscotolmezzo.it\/index.php\/wp-json\/wp\/v2\/users\/2"}],"replies":[{"embeddable":true,"href":"https:\/\/www.donboscotolmezzo.it\/index.php\/wp-json\/wp\/v2\/comments?post=1611"}],"version-history":[{"count":5,"href":"https:\/\/www.donboscotolmezzo.it\/index.php\/wp-json\/wp\/v2\/pages\/1611\/revisions"}],"predecessor-version":[{"id":1922,"href":"https:\/\/www.donboscotolmezzo.it\/index.php\/wp-json\/wp\/v2\/pages\/1611\/revisions\/1922"}],"wp:attachment":[{"href":"https:\/\/www.donboscotolmezzo.it\/index.php\/wp-json\/wp\/v2\/media?parent=1611"}],"curies":[{"name":"wp","href":"https:\/\/api.w.org\/{rel}","templated":true}]}}