{"id":1623,"date":"2025-10-23T11:22:57","date_gmt":"2025-10-23T11:22:57","guid":{"rendered":"http:\/\/www.donboscotolmezzo.it\/?page_id=1623"},"modified":"2025-11-03T09:04:33","modified_gmt":"2025-11-03T09:04:33","slug":"scuola-secondaria-di-1-grado","status":"publish","type":"page","link":"http:\/\/www.donboscotolmezzo.it\/index.php\/scuola-secondaria-di-1-grado\/","title":{"rendered":"Scuola Secondaria di 1\u00b0 grado"},"content":{"rendered":"<div class=\"wpb-content-wrapper\"><p>[vc_row][vc_column width=&#8221;1\/2&#8243;][vc_custom_heading text=&#8221;Criteri ispiratori della casa&#8221; google_fonts=&#8221;font_family:Montserrat%3Aregular%2C700|font_style:700%20bold%20regular%3A700%3Anormal&#8221; css=&#8221;&#8221;][vc_column_text css=&#8221;&#8221;]<span class=\"\">Il Collegio don Bosco di Tolmezzo \u00e8 una scuola che fa propri gli insegnamenti di San Giovanni Bosco.<\/span><\/p>\n<p>Il Collegio Don Bosco mira a creare un contesto di relazioni autentiche per aiutare bambini, ragazzi e giovani, a crescere come persone in grado di abitare il mondo con passione.<\/p>\n<p>Per realizzare questo, il Collegio don Bosco \u00e8:<\/p>\n<ul>\n<li><strong>Casa che accoglie<\/strong> in un ambiente ricco di confidenza e familiarit\u00e0;<\/li>\n<li><strong>Parrocchia che evangelizza<\/strong> perch\u00e9 aiuta a leggere ci\u00f2 che Dio ha scritto nel profondo di ogni cuore;<\/li>\n<li><strong>Scuola che avvia alla vita<\/strong> sviluppando attitudini ed educando comportamenti che permettono di affrontare la vita in modo responsabile;<\/li>\n<li><strong>Cortile per incontrarsi<\/strong> da amici per uscire da se stessi e imparare ad accogliere gli altri con uno sguardo positivo.<\/li>\n<\/ul>\n<p>[\/vc_column_text][\/vc_column][vc_column width=&#8221;1\/2&#8243;][vc_empty_space][vc_single_image image=&#8221;1861&#8243; img_size=&#8221;full&#8221; alignment=&#8221;center&#8221; css=&#8221;&#8221;][\/vc_column][\/vc_row][vc_row][vc_column width=&#8221;1\/2&#8243;][vc_empty_space][vc_empty_space][vc_single_image image=&#8221;1824&#8243; img_size=&#8221;full&#8221; alignment=&#8221;center&#8221; css=&#8221;&#8221;][\/vc_column][vc_column width=&#8221;1\/2&#8243;][vc_custom_heading text=&#8221;Mission&#8221; google_fonts=&#8221;font_family:Montserrat%3Aregular%2C700|font_style:700%20bold%20regular%3A700%3Anormal&#8221; css=&#8221;&#8221;][vc_column_text css=&#8221;&#8221;]Il clima educativo favorisce il dialogo, l&#8217;amicizia, l&#8217;apprendimento attivo e la gioia di stare assieme in vista di donare ai ragazzi una capacit\u00e0 di operare scelte mature e responsabili. Il Collegio don Bosco di Tolmezzo \u00e8 una scuola paritaria cattolica e salesiana che affonda le proprie radici nel Vangelo e nell&#8217;esperienza pedagogica e spirituale di Don Bosco.<\/p>\n<p><strong>&#8220;ONESTI CITTADINI E BUONI CRISTIANI&#8221;<\/strong> \u00e8 la massima che ha ispirato la missione educativa salesiana fin dalle origini, di cui ancor oggi si sente l&#8217;urgenza.<\/p>\n<p>Si vogliono formare persone capaci di operare scelte consapevoli per s\u00e9 e per il bene di tutti, pronte per un mondo nuovo, in cui la conoscenza si traduca in possibilit\u00e0 e potere di allinearsi con un futuro sempre pi\u00f9 inafferrabile, se affrontato senza apertura e senza ascolto.<\/p>\n<p>L&#8217;opera educativa salesiana \u00e8 il frutto di una dedizione continua di persone: educatori, insegnanti, genitori, che con generosa fedelt\u00e0 a Don Bosco si impegnano in un continuo aggiornamento delle tecniche didattiche donando la loro vita perch\u00e9 i bambini, i ragazzi e i giovani compiano un cammino armonico di maturazione della loro personalit\u00e0.[\/vc_column_text][\/vc_column][\/vc_row][vc_row][vc_column width=&#8221;1\/2&#8243;][vc_custom_heading text=&#8221;Orario da luned\u00ec a venerd\u00ec&#8221; google_fonts=&#8221;font_family:Montserrat%3Aregular%2C700|font_style:700%20bold%20regular%3A700%3Anormal&#8221; css=&#8221;&#8221;][vc_column_text css=&#8221;&#8221;]<\/p>\n<ul>\n<li><span class=\"citation-326 citation-end-326\">07.55-08.10: BUONGIORNO <\/span><\/li>\n<li><span class=\"citation-325 citation-end-325\">08.10-09.05: 1\u00aa ORA <\/span><\/li>\n<li><span class=\"citation-324 citation-end-324\">09.05-10.00: 2\u00aa ORA <\/span><\/li>\n<li><span class=\"citation-323 citation-end-323\">10.00-10.55: 3\u00aa ORA <\/span><\/li>\n<li><span class=\"citation-322 citation-end-322\">10.55-11.10: INTERVALLO <\/span><\/li>\n<li><span class=\"citation-321 citation-end-321\">11.10-12.05: 4\u00aa ORA <\/span><\/li>\n<li><span class=\"citation-320 citation-end-320\">12.05-13.00: 5\u00aa ORA <\/span><\/li>\n<li><span class=\"citation-319 citation-end-319\">13.00-14.05: MENSA <\/span><\/li>\n<li><span class=\"citation-318 citation-end-318\">14.05-15.00: 6\u00aa ORA <\/span><\/li>\n<li><span class=\"citation-317 citation-end-317\">15.00-15.55: 7\u00aa ORA (una volta a settimana) <\/span><\/li>\n<li><span class=\"citation-316 citation-end-316\">15.00-17.00: STUDIO ASSISTITO <\/span><\/li>\n<\/ul>\n<p>[\/vc_column_text][\/vc_column][vc_column width=&#8221;1\/2&#8243;][vc_single_image image=&#8221;1801&#8243; img_size=&#8221;full&#8221; alignment=&#8221;center&#8221; css=&#8221;&#8221;][\/vc_column][\/vc_row][vc_row][vc_column width=&#8221;1\/2&#8243;][vc_empty_space][vc_empty_space][vc_single_image image=&#8221;1866&#8243; img_size=&#8221;full&#8221; alignment=&#8221;center&#8221; css=&#8221;&#8221;][\/vc_column][vc_column width=&#8221;1\/2&#8243;][vc_custom_heading text=&#8221;Punti di forza della Scuola&#8221; google_fonts=&#8221;font_family:Montserrat%3Aregular%2C700|font_style:700%20bold%20regular%3A700%3Anormal&#8221; css=&#8221;&#8221;][vc_column_text css=&#8221;&#8221;]<strong>SCUOLA:<\/strong> Offre una valida preparazione volta all&#8217;inserimento nelle scuole superiori.<br \/>\n<strong>CATTOLICA:<\/strong> Vuole assicurare un&#8217;educazione religiosa cristiana attraverso vari momenti.<br \/>\n<strong>SALESIANA:<\/strong> Attenta a creare un clima familiare con il coinvolgimento delle famiglie e degli stessi alunni nel percorso educativo.<br \/>\n<strong>EDUCATORI:<\/strong> e docenti attenti ai singoli bisogni educativi degli alunni sulla base del sistema preventivo di San Giovanni Bosco degli stessi alunni nel percorso educativo.<\/p>\n<p><strong>LINGUE:<\/strong><\/p>\n<ul>\n<li>Inglese potenziato: 4 ore settimanali con attenzione alla conversazione e agli aspetti culturali nel mondo anglosassone.<\/li>\n<li>Inglese in modalit\u00e0 CLIL: lezioni di varie discipline in lingua.<\/li>\n<li>Tedesco: programma di scambio con una scuola media austriaca.<\/li>\n<li>Preparazione a certificazioni europee.<\/li>\n<\/ul>\n<p>&nbsp;<\/p>\n<p><strong>CONTATTO CON IL TERRITORIO:<\/strong> Visite guidate nei luoghi di interesse della zona, attivit\u00e0 sportive in montagna, partecipazione a eventi e concorsi.[\/vc_column_text][\/vc_column][\/vc_row][vc_row][vc_column][vc_custom_heading text=&#8221;Due percorsi scolastici&#8221; font_container=&#8221;tag:h2|text_align:center&#8221; google_fonts=&#8221;font_family:Montserrat%3Aregular%2C700|font_style:700%20bold%20regular%3A700%3Anormal&#8221; css=&#8221;&#8221;][\/vc_column][\/vc_row][vc_row][vc_column width=&#8221;1\/2&#8243;][vc_single_image image=&#8221;1806&#8243; img_size=&#8221;full&#8221; alignment=&#8221;center&#8221; css=&#8221;&#8221;][\/vc_column][vc_column width=&#8221;1\/2&#8243;][vc_single_image image=&#8221;1807&#8243; img_size=&#8221;full&#8221; alignment=&#8221;center&#8221; css=&#8221;&#8221;][\/vc_column][\/vc_row][vc_row][vc_column width=&#8221;1\/3&#8243;][vc_custom_heading text=&#8221;Cosa offriamo&#8221; google_fonts=&#8221;font_family:Montserrat%3Aregular%2C700|font_style:700%20bold%20regular%3A700%3Anormal&#8221; css=&#8221;&#8221;][vc_column_text css=&#8221;&#8221;]<\/p>\n<ul>\n<li><span class=\"citation-51 citation-end-51\">Gare di matematica e partecipazione a concorsi <\/span><\/li>\n<li><span class=\"citation-50 citation-end-50\">Esperienze di conoscenza del territorio <\/span><\/li>\n<li><span class=\"citation-49 citation-end-49\">Ricreazione con tornei e attivit\u00e0 di animazione <\/span><\/li>\n<li><span class=\"citation-48 citation-end-48\">Uscite didattico-culturali <\/span><\/li>\n<li><span class=\"citation-47 citation-end-47\">Educazione all&#8217;affettivit\u00e0 e alla legalit\u00e0 <\/span><\/li>\n<li><span class=\"citation-46 citation-end-46\">Metodo di studio <\/span><\/li>\n<li><span class=\"citation-45 citation-end-45\">Incontri di formazione per i genitori <\/span><\/li>\n<li><span class=\"citation-44 citation-end-44\">Orientamento scolastico <\/span><\/li>\n<li><span class=\"citation-43 citation-end-43\">Iniziative di solidariet\u00e0 <\/span><\/li>\n<li><span class=\"citation-42 citation-end-42\">Studio pomeridiano assistito <\/span><\/li>\n<li><span class=\"citation-41 citation-end-41\">Ritiri spirituali <\/span><\/li>\n<li><span class=\"citation-40 citation-end-40\">Scambio culturale <\/span><\/li>\n<li><span class=\"citation-39 citation-end-39\">Grest estivo a tariffa ridotta <\/span><\/li>\n<\/ul>\n<p>[\/vc_column_text][\/vc_column][vc_column width=&#8221;1\/3&#8243;][vc_custom_heading text=&#8221;Momenti di festa&#8221; google_fonts=&#8221;font_family:Montserrat%3Aregular%2C700|font_style:700%20bold%20regular%3A700%3Anormal&#8221; css=&#8221;&#8221;][vc_column_text css=&#8221;&#8221;]<\/p>\n<ul>\n<li>&nbsp;Passeggiata d\u2019autunno<\/li>\n<li>Cerchio Mariano<\/li>\n<li>Recita natalizia<\/li>\n<li>Festa di Don Bosco<\/li>\n<li>Festa di Maria Ausiliatrice<\/li>\n<li>Giornata dell\u2019atletica<\/li>\n<li>Festa di fine anno<\/li>\n<\/ul>\n<p>[\/vc_column_text][\/vc_column][vc_column width=&#8221;1\/3&#8243;][vc_custom_heading text=&#8221;Attivit\u00e0 opzionali&#8221; google_fonts=&#8221;font_family:Montserrat%3Aregular%2C700|font_style:700%20bold%20regular%3A700%3Anormal&#8221; css=&#8221;&#8221;][vc_column_text css=&#8221;&#8221;]<\/p>\n<ul>\n<li><span class=\"citation-29 citation-end-29\">Laboratorio sportivo <\/span><\/li>\n<li><span class=\"citation-28 citation-end-28\">Corso di fumettistica <\/span><\/li>\n<li><span class=\"citation-27 citation-end-27\">Grest Live <\/span><\/li>\n<li><span class=\"citation-26 citation-end-26\">Teatro <\/span><\/li>\n<li><span class=\"citation-25 citation-end-25\">Laboratorio di robotica <\/span><\/li>\n<li><span class=\"citation-24 citation-end-24\">Laboratorio musicale <\/span><\/li>\n<li><span class=\"citation-23 citation-end-23\">Latino <\/span><\/li>\n<li><span class=\"citation-22 citation-end-22\">Avviamento alla lingua spagnola <\/span><\/li>\n<li><span class=\"citation-21 citation-end-21\">Avviamento alla lingua francese <\/span><\/li>\n<li><span class=\"citation-20 citation-end-20\">Potenziamento lingua inglese <\/span><\/li>\n<li><span class=\"citation-19 citation-end-19\">Potenziamento lingua tedesco<\/span><\/li>\n<\/ul>\n<p>[\/vc_column_text][\/vc_column][\/vc_row][vc_row][vc_column width=&#8221;1\/2&#8243;][vc_single_image image=&#8221;1863&#8243; img_size=&#8221;full&#8221; alignment=&#8221;center&#8221; css=&#8221;&#8221;][\/vc_column][vc_column width=&#8221;1\/2&#8243;][vc_single_image image=&#8221;1864&#8243; img_size=&#8221;full&#8221; alignment=&#8221;center&#8221; css=&#8221;&#8221;][\/vc_column][\/vc_row][vc_row][vc_column width=&#8221;1\/3&#8243;][vc_custom_heading text=&#8221;Ambienti di lavoro&#8221; google_fonts=&#8221;font_family:Montserrat%3Aregular%2C700|font_style:700%20bold%20regular%3A700%3Anormal&#8221; css=&#8221;&#8221;][vc_column_text css=&#8221;&#8221;]<\/p>\n<ul>\n<li><strong>AULE:<\/strong> Tutte dotate di schermi interattivi touch.<\/li>\n<li><strong>CORTILE<\/strong>: Sicuro e attrezzato per i giochi.<\/li>\n<li><strong>SPAZIO<\/strong>: Molto ampio, per lo studio personale pomeridiano.<\/li>\n<li><strong>TEATRO<\/strong>: Sala Auditorium.<\/li>\n<li><strong>LABORATORIO DI DISEGNO<\/strong>: Con tavoli per i lavori di gruppo.<\/li>\n<li><strong>AULA DI INFORMATICA<\/strong>: Mobile, dotata di un iPad per ogni alunno.<\/li>\n<li><strong>MENSA<\/strong>: Per la pausa pranzo.<\/li>\n<li><strong>PALESTRA<\/strong>: Attrezzata.<\/li>\n<li><strong>LABORATORI<\/strong> di musica e di scienze.<\/li>\n<li><strong>CHIESA<\/strong> adiacente alla scuola.<\/li>\n<\/ul>\n<p>&nbsp;[\/vc_column_text][\/vc_column][vc_column width=&#8221;1\/3&#8243;][vc_custom_heading text=&#8221;Documenti utili&#8221; google_fonts=&#8221;font_family:Montserrat%3Aregular%2C700|font_style:700%20bold%20regular%3A700%3Anormal&#8221; css=&#8221;&#8221;][vc_column_text css=&#8221;&#8221;]<a href=\"https:\/\/drive.google.com\/file\/d\/1kidwv_qt10VO_PyBiVUCAwER8dT9G685\/view\" target=\"_blank\" rel=\"noopener\">Regolamento di istituto<\/a><\/p>\n<p><a href=\"https:\/\/drive.google.com\/file\/d\/1stEp1oXlDkAokD11eHBdo-_rGKKMuwEO\/view\" target=\"_blank\" rel=\"noopener\">Piano triennale dell\u2019offerta formativa<\/a><\/p>\n<p><a href=\"https:\/\/drive.google.com\/file\/d\/1phIi56pvOMu9RwCsEYS20DtZTmpIuI50\/view\" target=\"_blank\" rel=\"noopener\">Protocollo antibullismo<\/a><\/p>\n<p><a href=\"https:\/\/drive.google.com\/file\/d\/1HQYdUkMI9-DOyn7P6mMam_xdzFuPogef\/view\" target=\"_blank\" rel=\"noopener\">Codice etico antibullismo secondaria<\/a><\/p>\n<p><a href=\"https:\/\/drive.google.com\/file\/d\/156JqGwMG_3FMvQP4bZ7rL3tSNTJqboHz\/view\" target=\"_blank\" rel=\"noopener\">Codice etico cyberbullismo<\/a><\/p>\n<p>&nbsp;[\/vc_column_text][\/vc_column][vc_column width=&#8221;1\/3&#8243;][vc_custom_heading text=&#8221;Criteri d&#8217;Iscrizione&#8221; google_fonts=&#8221;font_family:Montserrat%3Aregular%2C700|font_style:700%20bold%20regular%3A700%3Anormal&#8221; css=&#8221;&#8221;][vc_column_text css=&#8221;&#8221;]I criteri per l\u2019accettazione delle domande di iscrizione in caso di&nbsp;<strong>richieste in eccedenza<\/strong>&nbsp;(deliberati dal Consiglio della Casa) sono i seguenti:<\/p>\n<ul>\n<li>Alunni provenienti dalla classe 5^ della Scuola Primaria Don Bosco;<\/li>\n<li>Fratelli di alunni frequentanti, iscritti o che si iscriveranno per l\u2019anno scolastico 2026\/2027<\/li>\n<li>Fratelli di ex allievi;<\/li>\n<li>Alunni con almeno un genitore che lavora a Tolmezzo o nei comuni limitrofi.<\/li>\n<li>Adesione al progetto educativo<\/li>\n<\/ul>\n<p>[\/vc_column_text][\/vc_column][\/vc_row][vc_row][vc_column][vc_custom_heading text=&#8221;Ultime News&#8221; font_container=&#8221;tag:h2|text_align:center&#8221; google_fonts=&#8221;font_family:Montserrat%3Aregular%2C700|font_style:700%20bold%20regular%3A700%3Anormal&#8221; css=&#8221;&#8221;][vc_basic_grid post_type=&#8221;post&#8221; max_items=&#8221;&#8221; style=&#8221;load-more&#8221; items_per_page=&#8221;4&#8243; element_width=&#8221;3&#8243; item=&#8221;masonryGrid_Default&#8221; css=&#8221;&#8221; grid_id=&#8221;vc_gid:1762160645499-d227bc353d0d6210fb9ddc6a8c8449e8-5&#8243;][\/vc_column][\/vc_row]<\/p>\n<\/div>","protected":false},"excerpt":{"rendered":"<p>[vc_row][vc_column width=&#8221;1\/2&#8243;][vc_custom_heading text=&#8221;Criteri ispiratori della casa&#8221; google_fonts=&#8221;font_family:Montserrat%3Aregular%2C700|font_style:700%20bold%20regular%3A700%3Anormal&#8221; css=&#8221;&#8221;][vc_column_text css=&#8221;&#8221;]Il Collegio don Bosco di Tolmezzo \u00e8 una scuola che fa propri gli insegnamenti di San Giovanni Bosco. Il Collegio Don Bosco mira a creare un contesto di relazioni autentiche per aiutare bambini, ragazzi e giovani, a crescere come persone in grado di abitare il mondo con [&hellip;]<\/p>\n","protected":false},"author":2,"featured_media":0,"parent":0,"menu_order":0,"comment_status":"closed","ping_status":"closed","template":"","meta":{"footnotes":""},"class_list":["post-1623","page","type-page","status-publish","hentry"],"yoast_head":"<!-- This site is optimized with the Yoast SEO plugin v26.3 - https:\/\/yoast.com\/wordpress\/plugins\/seo\/ -->\n<title>Scuola Secondaria di 1\u00b0 grado - Don Bosco Tolmezzo<\/title>\n<meta name=\"robots\" content=\"index, follow, max-snippet:-1, max-image-preview:large, max-video-preview:-1\" \/>\n<link rel=\"canonical\" href=\"http:\/\/www.donboscotolmezzo.it\/index.php\/scuola-secondaria-di-1-grado\/\" \/>\n<meta property=\"og:locale\" content=\"it_IT\" \/>\n<meta property=\"og:type\" content=\"article\" \/>\n<meta property=\"og:title\" content=\"Scuola Secondaria di 1\u00b0 grado - Don Bosco Tolmezzo\" \/>\n<meta property=\"og:description\" content=\"[vc_row][vc_column width=&#8221;1\/2&#8243;][vc_custom_heading text=&#8221;Criteri ispiratori della casa&#8221; google_fonts=&#8221;font_family:Montserrat%3Aregular%2C700|font_style:700%20bold%20regular%3A700%3Anormal&#8221; css=&#8221;&#8221;][vc_column_text css=&#8221;&#8221;]Il Collegio don Bosco di Tolmezzo \u00e8 una scuola che fa propri gli insegnamenti di San Giovanni Bosco. Il Collegio Don Bosco mira a creare un contesto di relazioni autentiche per aiutare bambini, ragazzi e giovani, a crescere come persone in grado di abitare il mondo con [&hellip;]\" \/>\n<meta property=\"og:url\" content=\"http:\/\/www.donboscotolmezzo.it\/index.php\/scuola-secondaria-di-1-grado\/\" \/>\n<meta property=\"og:site_name\" content=\"Don Bosco Tolmezzo\" \/>\n<meta property=\"article:modified_time\" content=\"2025-11-03T09:04:33+00:00\" \/>\n<meta name=\"twitter:card\" content=\"summary_large_image\" \/>\n<script type=\"application\/ld+json\" class=\"yoast-schema-graph\">{\"@context\":\"https:\/\/schema.org\",\"@graph\":[{\"@type\":\"WebPage\",\"@id\":\"http:\/\/www.donboscotolmezzo.it\/index.php\/scuola-secondaria-di-1-grado\/\",\"url\":\"http:\/\/www.donboscotolmezzo.it\/index.php\/scuola-secondaria-di-1-grado\/\",\"name\":\"Scuola Secondaria di 1\u00b0 grado - Don Bosco Tolmezzo\",\"isPartOf\":{\"@id\":\"https:\/\/www.donboscotolmezzo.it\/#website\"},\"datePublished\":\"2025-10-23T11:22:57+00:00\",\"dateModified\":\"2025-11-03T09:04:33+00:00\",\"breadcrumb\":{\"@id\":\"http:\/\/www.donboscotolmezzo.it\/index.php\/scuola-secondaria-di-1-grado\/#breadcrumb\"},\"inLanguage\":\"it-IT\",\"potentialAction\":[{\"@type\":\"ReadAction\",\"target\":[\"http:\/\/www.donboscotolmezzo.it\/index.php\/scuola-secondaria-di-1-grado\/\"]}]},{\"@type\":\"BreadcrumbList\",\"@id\":\"http:\/\/www.donboscotolmezzo.it\/index.php\/scuola-secondaria-di-1-grado\/#breadcrumb\",\"itemListElement\":[{\"@type\":\"ListItem\",\"position\":1,\"name\":\"Home\",\"item\":\"https:\/\/www.donboscotolmezzo.it\/\"},{\"@type\":\"ListItem\",\"position\":2,\"name\":\"Scuola Secondaria di 1\u00b0 grado\"}]},{\"@type\":\"WebSite\",\"@id\":\"https:\/\/www.donboscotolmezzo.it\/#website\",\"url\":\"https:\/\/www.donboscotolmezzo.it\/\",\"name\":\"Don Bosco Tolmezzo\",\"description\":\"\",\"potentialAction\":[{\"@type\":\"SearchAction\",\"target\":{\"@type\":\"EntryPoint\",\"urlTemplate\":\"https:\/\/www.donboscotolmezzo.it\/?s={search_term_string}\"},\"query-input\":{\"@type\":\"PropertyValueSpecification\",\"valueRequired\":true,\"valueName\":\"search_term_string\"}}],\"inLanguage\":\"it-IT\"}]}<\/script>\n<!-- \/ Yoast SEO plugin. -->","yoast_head_json":{"title":"Scuola Secondaria di 1\u00b0 grado - Don Bosco Tolmezzo","robots":{"index":"index","follow":"follow","max-snippet":"max-snippet:-1","max-image-preview":"max-image-preview:large","max-video-preview":"max-video-preview:-1"},"canonical":"http:\/\/www.donboscotolmezzo.it\/index.php\/scuola-secondaria-di-1-grado\/","og_locale":"it_IT","og_type":"article","og_title":"Scuola Secondaria di 1\u00b0 grado - Don Bosco Tolmezzo","og_description":"[vc_row][vc_column width=&#8221;1\/2&#8243;][vc_custom_heading text=&#8221;Criteri ispiratori della casa&#8221; google_fonts=&#8221;font_family:Montserrat%3Aregular%2C700|font_style:700%20bold%20regular%3A700%3Anormal&#8221; css=&#8221;&#8221;][vc_column_text css=&#8221;&#8221;]Il Collegio don Bosco di Tolmezzo \u00e8 una scuola che fa propri gli insegnamenti di San Giovanni Bosco. Il Collegio Don Bosco mira a creare un contesto di relazioni autentiche per aiutare bambini, ragazzi e giovani, a crescere come persone in grado di abitare il mondo con [&hellip;]","og_url":"http:\/\/www.donboscotolmezzo.it\/index.php\/scuola-secondaria-di-1-grado\/","og_site_name":"Don Bosco Tolmezzo","article_modified_time":"2025-11-03T09:04:33+00:00","twitter_card":"summary_large_image","schema":{"@context":"https:\/\/schema.org","@graph":[{"@type":"WebPage","@id":"http:\/\/www.donboscotolmezzo.it\/index.php\/scuola-secondaria-di-1-grado\/","url":"http:\/\/www.donboscotolmezzo.it\/index.php\/scuola-secondaria-di-1-grado\/","name":"Scuola Secondaria di 1\u00b0 grado - Don Bosco Tolmezzo","isPartOf":{"@id":"https:\/\/www.donboscotolmezzo.it\/#website"},"datePublished":"2025-10-23T11:22:57+00:00","dateModified":"2025-11-03T09:04:33+00:00","breadcrumb":{"@id":"http:\/\/www.donboscotolmezzo.it\/index.php\/scuola-secondaria-di-1-grado\/#breadcrumb"},"inLanguage":"it-IT","potentialAction":[{"@type":"ReadAction","target":["http:\/\/www.donboscotolmezzo.it\/index.php\/scuola-secondaria-di-1-grado\/"]}]},{"@type":"BreadcrumbList","@id":"http:\/\/www.donboscotolmezzo.it\/index.php\/scuola-secondaria-di-1-grado\/#breadcrumb","itemListElement":[{"@type":"ListItem","position":1,"name":"Home","item":"https:\/\/www.donboscotolmezzo.it\/"},{"@type":"ListItem","position":2,"name":"Scuola Secondaria di 1\u00b0 grado"}]},{"@type":"WebSite","@id":"https:\/\/www.donboscotolmezzo.it\/#website","url":"https:\/\/www.donboscotolmezzo.it\/","name":"Don Bosco Tolmezzo","description":"","potentialAction":[{"@type":"SearchAction","target":{"@type":"EntryPoint","urlTemplate":"https:\/\/www.donboscotolmezzo.it\/?s={search_term_string}"},"query-input":{"@type":"PropertyValueSpecification","valueRequired":true,"valueName":"search_term_string"}}],"inLanguage":"it-IT"}]}},"_links":{"self":[{"href":"http:\/\/www.donboscotolmezzo.it\/index.php\/wp-json\/wp\/v2\/pages\/1623","targetHints":{"allow":["GET"]}}],"collection":[{"href":"http:\/\/www.donboscotolmezzo.it\/index.php\/wp-json\/wp\/v2\/pages"}],"about":[{"href":"http:\/\/www.donboscotolmezzo.it\/index.php\/wp-json\/wp\/v2\/types\/page"}],"author":[{"embeddable":true,"href":"http:\/\/www.donboscotolmezzo.it\/index.php\/wp-json\/wp\/v2\/users\/2"}],"replies":[{"embeddable":true,"href":"http:\/\/www.donboscotolmezzo.it\/index.php\/wp-json\/wp\/v2\/comments?post=1623"}],"version-history":[{"count":25,"href":"http:\/\/www.donboscotolmezzo.it\/index.php\/wp-json\/wp\/v2\/pages\/1623\/revisions"}],"predecessor-version":[{"id":1930,"href":"http:\/\/www.donboscotolmezzo.it\/index.php\/wp-json\/wp\/v2\/pages\/1623\/revisions\/1930"}],"wp:attachment":[{"href":"http:\/\/www.donboscotolmezzo.it\/index.php\/wp-json\/wp\/v2\/media?parent=1623"}],"curies":[{"name":"wp","href":"https:\/\/api.w.org\/{rel}","templated":true}]}}